{"id":166,"date":"2023-04-14T12:06:51","date_gmt":"2023-04-14T12:06:51","guid":{"rendered":"https:\/\/magiceffects.rs\/novisajt\/?page_id=166"},"modified":"2024-05-20T17:06:10","modified_gmt":"2024-05-20T17:06:10","slug":"co2","status":"publish","type":"page","link":"https:\/\/magiceffects.rs\/en_gb\/co2\/","title":{"rendered":"CO2"},"content":{"rendered":"<p>[et_pb_section fb_built=&#8220;1&#8243; custom_padding_last_edited=&#8220;off|phone&#8220; admin_label=&#8220;Header&#8220; _builder_version=&#8220;4.21.0&#8243; background_enable_image=&#8220;off&#8220; parallax=&#8220;on&#8220; background_video_mp4=&#8220;https:\/\/magiceffects.rs\/wp-content\/uploads\/2023\/07\/co2video.mp4&#8243; height=&#8220;425px&#8220; max_height=&#8220;435px&#8220; custom_padding=&#8220;9vw||9vw||true|false&#8220; locked=&#8220;off&#8220; global_colors_info=&#8220;{}&#8220;][et_pb_row _builder_version=&#8220;4.16&#8243; custom_margin=&#8220;-34px|auto||auto||&#8220; global_colors_info=&#8220;{}&#8220;][et_pb_column type=&#8220;4_4&#8243; _builder_version=&#8220;4.16&#8243; custom_padding_tablet=&#8220;30px||30px||true|false&#8220; custom_padding_last_edited=&#8220;off|desktop&#8220; global_colors_info=&#8220;{}&#8220;][et_pb_text _builder_version=&#8220;4.21.0&#8243; text_text_color=&#8220;rgba(255,255,255,0.5)&#8220; text_font_size=&#8220;16px&#8220; text_line_height=&#8220;1.8em&#8220; header_font=&#8220;|700||on|||||&#8220; header_font_size=&#8220;6vw&#8220; header_line_height=&#8220;1.2em&#8220; header_3_font=&#8220;Montserrat|700||on|||||&#8220; header_3_text_color=&#8220;rgba(255,255,255,0.5)&#8220; header_3_font_size=&#8220;16px&#8220; header_3_letter_spacing=&#8220;2px&#8220; header_3_line_height=&#8220;1.4em&#8220; background_layout=&#8220;dark&#8220; custom_margin=&#8220;|||-35px|false|false&#8220; custom_margin_tablet=&#8220;115px||4px||false|false&#8220; custom_margin_phone=&#8220;149px|||11px|false|false&#8220; custom_margin_last_edited=&#8220;on|desktop&#8220; custom_padding=&#8220;|||0px|false|false&#8220; header_3_font_size_tablet=&#8220;14px&#8220; header_3_font_size_phone=&#8220;&#8220; header_3_font_size_last_edited=&#8220;on|phone&#8220; text_text_align=&#8220;left&#8220; locked=&#8220;off&#8220; global_colors_info=&#8220;{}&#8220;]<\/p>\n<h1>CO2<\/h1>\n<p>[\/et_pb_text][\/et_pb_column][\/et_pb_row][\/et_pb_section][et_pb_section fb_built=&#8220;1&#8243; _builder_version=&#8220;4.20.2&#8243; _module_preset=&#8220;default&#8220; background_color=&#8220;#000000&#8243; custom_margin=&#8220;0px|0px|0px|0px|true|true&#8220; custom_padding=&#8220;0%||5%||false|false&#8220; global_colors_info=&#8220;{}&#8220;][et_pb_row _builder_version=&#8220;4.16&#8243; _module_preset=&#8220;default&#8220; custom_margin=&#8220;||3%||false|false&#8220; global_colors_info=&#8220;{}&#8220;][et_pb_column type=&#8220;4_4&#8243; _builder_version=&#8220;4.16&#8243; _module_preset=&#8220;default&#8220; global_colors_info=&#8220;{}&#8220;][\/et_pb_column][\/et_pb_row][et_pb_row column_structure=&#8220;1_3,1_3,1_3&#8243; make_equal=&#8220;on&#8220; _builder_version=&#8220;4.20.2&#8243; _module_preset=&#8220;default&#8220; global_colors_info=&#8220;{}&#8220;][et_pb_column type=&#8220;1_3&#8243; _builder_version=&#8220;4.16&#8243; _module_preset=&#8220;default&#8220; global_colors_info=&#8220;{}&#8220;][et_pb_button button_url=&#8220;#plamen&#8220; button_text=&#8220;CO2 Jet&#8220; _builder_version=&#8220;4.20.2&#8243; _module_preset=&#8220;default&#8220; custom_button=&#8220;on&#8220; button_text_color=&#8220;#FFFFFF&#8220; global_colors_info=&#8220;{}&#8220;][\/et_pb_button][\/et_pb_column][et_pb_column type=&#8220;1_3&#8243; _builder_version=&#8220;4.16&#8243; _module_preset=&#8220;default&#8220; global_colors_info=&#8220;{}&#8220;][et_pb_button button_url=&#8220;#WaveFlames&#8220; button_text=&#8220;CO2 Gun&#8220; _builder_version=&#8220;4.20.2&#8243; _module_preset=&#8220;default&#8220; custom_button=&#8220;on&#8220; button_text_color=&#8220;#FFFFFF&#8220; global_colors_info=&#8220;{}&#8220;][\/et_pb_button][\/et_pb_column][et_pb_column type=&#8220;1_3&#8243; _builder_version=&#8220;4.16&#8243; _module_preset=&#8220;default&#8220; global_colors_info=&#8220;{}&#8220;][et_pb_button button_url=&#8220;#FlameTorch&#8220; button_text=&#8220;SmokeJet&#8220; _builder_version=&#8220;4.20.2&#8243; _module_preset=&#8220;default&#8220; custom_button=&#8220;on&#8220; button_text_color=&#8220;#FFFFFF&#8220; global_colors_info=&#8220;{}&#8220;][\/et_pb_button][\/et_pb_column][\/et_pb_row][et_pb_row make_equal=&#8220;on&#8220; _builder_version=&#8220;4.20.2&#8243; _module_preset=&#8220;default&#8220; min_height=&#8220;502px&#8220; global_colors_info=&#8220;{}&#8220;][et_pb_column type=&#8220;4_4&#8243; _builder_version=&#8220;4.16&#8243; _module_preset=&#8220;default&#8220; global_colors_info=&#8220;{}&#8220;][et_pb_text _builder_version=&#8220;4.20.2&#8243; _module_preset=&#8220;default&#8220; text_text_color=&#8220;#FFFFFF&#8220; header_3_text_color=&#8220;#FFFFFF&#8220; global_colors_info=&#8220;{}&#8220;]<\/p>\n<h3><span style=\"font-size: xx-large;\">CO2 Jet<\/span><\/h3>\n<p>&nbsp;<\/p>\n<p><span style=\"font-size: large;\">The CO2 jet is a tall, white, cold \"cloud\" of carbon dioxide that overshadows the audience with its wow effect every time. <\/span><\/p>\n<p><span style=\"font-size: large;\">A favorite of DJs, it fits perfectly with the rhythmic accents in the songs. The hissing sound emitted by the device adds to the attractiveness of the CO2 effect. <\/span><\/p>\n<p><span style=\"font-size: large;\">He disappears after a few seconds, ready for the next break.\u00a0<\/span><span style=\"font-size: x-large;\"><\/span><\/p>\n<p>&nbsp;<\/p>\n<p>[\/et_pb_text][et_pb_gallery gallery_ids=&#8220;237445,237446,237447,237448,237449,237450,237451,237452,237453,237454,237455,237456,237457,237458,237459,237460,237461,237462,237463,237464,237465,237466,237467,238322,238319,238316,238310,238303,238300,987499691&#8243; posts_number=&#8220;30&#8243; show_title_and_caption=&#8220;off&#8220; show_pagination=&#8220;off&#8220; module_id=&#8220;testimonial-copy-1&#8243; module_class=&#8220;show-testimonial&#8220; _builder_version=&#8220;4.21.0&#8243; _module_preset=&#8220;default&#8220; hover_enabled=&#8220;0&#8243; global_colors_info=&#8220;{}&#8220; sticky_enabled=&#8220;0&#8243;][\/et_pb_gallery][\/et_pb_column][\/et_pb_row][et_pb_row make_equal=&#8220;on&#8220; module_id=&#8220;WaveFlames&#8220; _builder_version=&#8220;4.20.2&#8243; _module_preset=&#8220;default&#8220; min_height=&#8220;188px&#8220; global_colors_info=&#8220;{}&#8220;][et_pb_column type=&#8220;4_4&#8243; _builder_version=&#8220;4.16&#8243; _module_preset=&#8220;default&#8220; global_colors_info=&#8220;{}&#8220;][et_pb_text _builder_version=&#8220;4.20.2&#8243; _module_preset=&#8220;default&#8220; text_text_color=&#8220;#FFFFFF&#8220; header_3_text_color=&#8220;#FFFFFF&#8220; global_colors_info=&#8220;{}&#8220;]<\/p>\n<h3><span style=\"font-size: xx-large;\">CO2 Gun<\/span><\/h3>\n<p><span style=\"font-size: xx-large;\"><\/span><\/p>\n<p><span style=\"font-size: xx-large;\"><\/span><\/p>\n<p><span style=\"font-size: large;\">A CO2 gun is a handheld device for firing this effect. The contractor goes through operational and safety preparation. The rifle is easy to carry and use.\u00a0<\/span><\/p>\n<p>[\/et_pb_text][\/et_pb_column][\/et_pb_row][et_pb_row column_structure=&#8220;1_2,1_2&#8243; _builder_version=&#8220;4.20.2&#8243; _module_preset=&#8220;default&#8220; global_colors_info=&#8220;{}&#8220;][et_pb_column type=&#8220;1_2&#8243; _builder_version=&#8220;4.20.2&#8243; _module_preset=&#8220;default&#8220; global_colors_info=&#8220;{}&#8220;][et_pb_gallery gallery_ids=&#8220;238225&#8243; show_title_and_caption=&#8220;off&#8220; _builder_version=&#8220;4.20.2&#8243; _module_preset=&#8220;default&#8220; global_colors_info=&#8220;{}&#8220;][\/et_pb_gallery][\/et_pb_column][et_pb_column type=&#8220;1_2&#8243; _builder_version=&#8220;4.20.2&#8243; _module_preset=&#8220;default&#8220; global_colors_info=&#8220;{}&#8220;][\/et_pb_column][\/et_pb_row][et_pb_row make_equal=&#8220;on&#8220; module_id=&#8220;FlameTorch&#8220; _builder_version=&#8220;4.20.2&#8243; _module_preset=&#8220;default&#8220; min_height=&#8220;366px&#8220; global_colors_info=&#8220;{}&#8220;][et_pb_column type=&#8220;4_4&#8243; _builder_version=&#8220;4.16&#8243; _module_preset=&#8220;default&#8220; global_colors_info=&#8220;{}&#8220;][et_pb_text _builder_version=&#8220;4.20.2&#8243; _module_preset=&#8220;default&#8220; text_text_color=&#8220;#FFFFFF&#8220; header_3_text_color=&#8220;#FFFFFF&#8220; global_colors_info=&#8220;{}&#8220;]<\/p>\n<h3><span style=\"font-size: xx-large;\">SmokeJet<\/span><\/h3>\n<p><span style=\"font-size: xx-large;\"><\/span><\/p>\n<p><span style=\"font-size: xx-large;\"><\/span><\/p>\n<p><span style=\"font-size: large;\">SmokeJet is a device that emits a tall column of smoke. It can be mounted so that it emits smoke in all directions, and the LED bulbs even allow smoke to be emitted in different colors.<\/span><\/p>\n<p>[\/et_pb_text][et_pb_gallery gallery_ids=&#8220;237469,237470,237471,238276,238268,238272,987499686&#8243; posts_number=&#8220;20&#8243; show_title_and_caption=&#8220;off&#8220; show_pagination=&#8220;off&#8220; module_id=&#8220;testimonial-copy-1&#8243; module_class=&#8220;show-testimonial&#8220; _builder_version=&#8220;4.21.0&#8243; _module_preset=&#8220;default&#8220; hover_enabled=&#8220;0&#8243; global_colors_info=&#8220;{}&#8220; sticky_enabled=&#8220;0&#8243;][\/et_pb_gallery][\/et_pb_column][\/et_pb_row][et_pb_row _builder_version=&#8220;4.20.2&#8243; _module_preset=&#8220;default&#8220; global_colors_info=&#8220;{}&#8220;][et_pb_column type=&#8220;4_4&#8243; _builder_version=&#8220;4.20.2&#8243; _module_preset=&#8220;default&#8220; global_colors_info=&#8220;{}&#8220;][et_pb_video src=&#8220;https:\/\/youtu.be\/RDQ8_rL9iuw&#8220; _builder_version=&#8220;4.20.2&#8243; _module_preset=&#8220;default&#8220; global_colors_info=&#8220;{}&#8220;][\/et_pb_video][\/et_pb_column][\/et_pb_row][\/et_pb_section]<\/p>","protected":false},"excerpt":{"rendered":"<p>CO2CO2 Jet &nbsp; CO2 d\u017eet je visoki, beli, hladni &#8216;oblak&#8217; ugljen-dioksida koji svaki put zaseni publiku svojim wow-efektom. Omiljen od DJ-eva, savr\u0161eno se uklapa u ritmi\u010dke akcente u pesmama. CO2 efektu posebno dodaje na atraktivnosti \u0161i\u0161te\u0107i zvuk koji ispu\u0161ta ure\u0111aj. I\u0161\u010dezava posle par sekundi, spreman za slede\u0107i brejk.\u00a0 &nbsp;CO2 Gun CO2 pu\u0161ka je ru\u010dni ure\u0111aj [&hellip;]<\/p>","protected":false},"author":1,"featured_media":0,"parent":0,"menu_order":0,"comment_status":"closed","ping_status":"closed","template":"","meta":{"_et_pb_use_builder":"on","_et_pb_old_content":"","_et_gb_content_width":"","om_disable_all_campaigns":false,"_monsterinsights_skip_tracking":false,"_monsterinsights_sitenote_active":false,"_monsterinsights_sitenote_note":"","_monsterinsights_sitenote_category":0,"_uf_show_specific_survey":0,"_uf_disable_surveys":false,"footnotes":""},"class_list":["post-166","page","type-page","status-publish","hentry"],"aioseo_notices":[],"yoast_head":"<!-- This site is optimized with the Yoast SEO plugin v23.9 - https:\/\/yoast.com\/wordpress\/plugins\/seo\/ -->\n<title>CO2 - Magiceffects<\/title>\n<meta name=\"robots\" content=\"index, follow, max-snippet:-1, max-image-preview:large, max-video-preview:-1\" \/>\n<link rel=\"canonical\" href=\"https:\/\/magiceffects.rs\/en_gb\/co2\/\" \/>\n<meta property=\"og:locale\" content=\"en_GB\" \/>\n<meta property=\"og:type\" content=\"article\" \/>\n<meta property=\"og:title\" content=\"CO2 - Magiceffects\" \/>\n<meta property=\"og:description\" content=\"CO2CO2 Jet &nbsp; CO2 d\u017eet je visoki, beli, hladni &#039;oblak&#039; ugljen-dioksida koji svaki put zaseni publiku svojim wow-efektom. Omiljen od DJ-eva, savr\u0161eno se uklapa u ritmi\u010dke akcente u pesmama. CO2 efektu posebno dodaje na atraktivnosti \u0161i\u0161te\u0107i zvuk koji ispu\u0161ta ure\u0111aj. I\u0161\u010dezava posle par sekundi, spreman za slede\u0107i brejk.\u00a0 &nbsp;CO2 Gun CO2 pu\u0161ka je ru\u010dni ure\u0111aj [&hellip;]\" \/>\n<meta property=\"og:url\" content=\"https:\/\/magiceffects.rs\/en_gb\/co2\/\" \/>\n<meta property=\"og:site_name\" content=\"Magiceffects\" \/>\n<meta property=\"article:modified_time\" content=\"2024-05-20T17:06:10+00:00\" \/>\n<meta name=\"twitter:card\" content=\"summary_large_image\" \/>\n<meta name=\"twitter:label1\" content=\"Estimated reading time\" \/>\n\t<meta name=\"twitter:data1\" content=\"5 minutes\" \/>\n<script type=\"application\/ld+json\" class=\"yoast-schema-graph\">{\"@context\":\"https:\/\/schema.org\",\"@graph\":[{\"@type\":\"WebPage\",\"@id\":\"https:\/\/magiceffects.rs\/co2\/\",\"url\":\"https:\/\/magiceffects.rs\/co2\/\",\"name\":\"CO2 - Magiceffects\",\"isPartOf\":{\"@id\":\"https:\/\/magiceffects.rs\/#website\"},\"datePublished\":\"2023-04-14T12:06:51+00:00\",\"dateModified\":\"2024-05-20T17:06:10+00:00\",\"breadcrumb\":{\"@id\":\"https:\/\/magiceffects.rs\/co2\/#breadcrumb\"},\"inLanguage\":\"en-GB\",\"potentialAction\":[{\"@type\":\"ReadAction\",\"target\":[\"https:\/\/magiceffects.rs\/co2\/\"]}]},{\"@type\":\"BreadcrumbList\",\"@id\":\"https:\/\/magiceffects.rs\/co2\/#breadcrumb\",\"itemListElement\":[{\"@type\":\"ListItem\",\"position\":1,\"name\":\"Home\",\"item\":\"https:\/\/magiceffects.rs\/\"},{\"@type\":\"ListItem\",\"position\":2,\"name\":\"CO2\"}]},{\"@type\":\"WebSite\",\"@id\":\"https:\/\/magiceffects.rs\/#website\",\"url\":\"https:\/\/magiceffects.rs\/\",\"name\":\"Magiceffects\",\"description\":\"No tricks - Just pure magic\",\"potentialAction\":[{\"@type\":\"SearchAction\",\"target\":{\"@type\":\"EntryPoint\",\"urlTemplate\":\"https:\/\/magiceffects.rs\/?s={search_term_string}\"},\"query-input\":{\"@type\":\"PropertyValueSpecification\",\"valueRequired\":true,\"valueName\":\"search_term_string\"}}],\"inLanguage\":\"en-GB\"}]}<\/script>\n<!-- \/ Yoast SEO plugin. -->","yoast_head_json":{"title":"CO2 - Magiceffects","robots":{"index":"index","follow":"follow","max-snippet":"max-snippet:-1","max-image-preview":"max-image-preview:large","max-video-preview":"max-video-preview:-1"},"canonical":"https:\/\/magiceffects.rs\/en_gb\/co2\/","og_locale":"en_GB","og_type":"article","og_title":"CO2 - Magiceffects","og_description":"CO2CO2 Jet &nbsp; CO2 d\u017eet je visoki, beli, hladni 'oblak' ugljen-dioksida koji svaki put zaseni publiku svojim wow-efektom. Omiljen od DJ-eva, savr\u0161eno se uklapa u ritmi\u010dke akcente u pesmama. CO2 efektu posebno dodaje na atraktivnosti \u0161i\u0161te\u0107i zvuk koji ispu\u0161ta ure\u0111aj. I\u0161\u010dezava posle par sekundi, spreman za slede\u0107i brejk.\u00a0 &nbsp;CO2 Gun CO2 pu\u0161ka je ru\u010dni ure\u0111aj [&hellip;]","og_url":"https:\/\/magiceffects.rs\/en_gb\/co2\/","og_site_name":"Magiceffects","article_modified_time":"2024-05-20T17:06:10+00:00","twitter_card":"summary_large_image","twitter_misc":{"Estimated reading time":"5 minutes"},"schema":{"@context":"https:\/\/schema.org","@graph":[{"@type":"WebPage","@id":"https:\/\/magiceffects.rs\/co2\/","url":"https:\/\/magiceffects.rs\/co2\/","name":"CO2 - Magiceffects","isPartOf":{"@id":"https:\/\/magiceffects.rs\/#website"},"datePublished":"2023-04-14T12:06:51+00:00","dateModified":"2024-05-20T17:06:10+00:00","breadcrumb":{"@id":"https:\/\/magiceffects.rs\/co2\/#breadcrumb"},"inLanguage":"en-GB","potentialAction":[{"@type":"ReadAction","target":["https:\/\/magiceffects.rs\/co2\/"]}]},{"@type":"BreadcrumbList","@id":"https:\/\/magiceffects.rs\/co2\/#breadcrumb","itemListElement":[{"@type":"ListItem","position":1,"name":"Home","item":"https:\/\/magiceffects.rs\/"},{"@type":"ListItem","position":2,"name":"CO2"}]},{"@type":"WebSite","@id":"https:\/\/magiceffects.rs\/#website","url":"https:\/\/magiceffects.rs\/","name":"Magiceffects","description":"No tricks - Just pure magic","potentialAction":[{"@type":"SearchAction","target":{"@type":"EntryPoint","urlTemplate":"https:\/\/magiceffects.rs\/?s={search_term_string}"},"query-input":{"@type":"PropertyValueSpecification","valueRequired":true,"valueName":"search_term_string"}}],"inLanguage":"en-GB"}]}},"_links":{"self":[{"href":"https:\/\/magiceffects.rs\/en_gb\/wp-json\/wp\/v2\/pages\/166","targetHints":{"allow":["GET"]}}],"collection":[{"href":"https:\/\/magiceffects.rs\/en_gb\/wp-json\/wp\/v2\/pages"}],"about":[{"href":"https:\/\/magiceffects.rs\/en_gb\/wp-json\/wp\/v2\/types\/page"}],"author":[{"embeddable":true,"href":"https:\/\/magiceffects.rs\/en_gb\/wp-json\/wp\/v2\/users\/1"}],"replies":[{"embeddable":true,"href":"https:\/\/magiceffects.rs\/en_gb\/wp-json\/wp\/v2\/comments?post=166"}],"version-history":[{"count":35,"href":"https:\/\/magiceffects.rs\/en_gb\/wp-json\/wp\/v2\/pages\/166\/revisions"}],"predecessor-version":[{"id":987499693,"href":"https:\/\/magiceffects.rs\/en_gb\/wp-json\/wp\/v2\/pages\/166\/revisions\/987499693"}],"wp:attachment":[{"href":"https:\/\/magiceffects.rs\/en_gb\/wp-json\/wp\/v2\/media?parent=166"}],"curies":[{"name":"wp","href":"https:\/\/api.w.org\/{rel}","templated":true}]}}