{"id":237493,"date":"2023-04-17T07:48:49","date_gmt":"2023-04-17T07:48:49","guid":{"rendered":"https:\/\/magiceffects.rs\/novisajt\/?page_id=237493"},"modified":"2024-05-20T17:09:22","modified_gmt":"2024-05-20T17:09:22","slug":"varnice-i-sparkulari","status":"publish","type":"page","link":"https:\/\/magiceffects.rs\/en_gb\/varnice-i-sparkulari\/","title":{"rendered":"SPARKS AND SPARKULARS"},"content":{"rendered":"<p>[et_pb_section fb_built=&#8220;1&#8243; custom_padding_last_edited=&#8220;off|phone&#8220; admin_label=&#8220;Header&#8220; _builder_version=&#8220;4.21.0&#8243; background_enable_image=&#8220;off&#8220; parallax=&#8220;on&#8220; background_video_mp4=&#8220;https:\/\/magiceffects.rs\/wp-content\/uploads\/2023\/07\/sparks.cover_.mp4&#8243; height=&#8220;425px&#8220; max_height=&#8220;435px&#8220; custom_padding=&#8220;9vw||9vw||true|false&#8220; locked=&#8220;off&#8220; global_colors_info=&#8220;{}&#8220;][et_pb_row _builder_version=&#8220;4.21.0&#8243; custom_margin=&#8220;-51px|auto||54px|false|false&#8220; custom_margin_tablet=&#8220;104px||||false|false&#8220; custom_margin_phone=&#8220;104px||||false|false&#8220; custom_margin_last_edited=&#8220;on|desktop&#8220; global_colors_info=&#8220;{}&#8220;][et_pb_column type=&#8220;4_4&#8243; _builder_version=&#8220;4.16&#8243; custom_padding_tablet=&#8220;30px||30px||true|false&#8220; custom_padding_last_edited=&#8220;off|desktop&#8220; global_colors_info=&#8220;{}&#8220;][et_pb_text _builder_version=&#8220;4.20.2&#8243; text_text_color=&#8220;rgba(255,255,255,0.5)&#8220; text_font_size=&#8220;16px&#8220; text_line_height=&#8220;1.8em&#8220; header_font=&#8220;|700||on|||||&#8220; header_font_size=&#8220;6vw&#8220; header_line_height=&#8220;1.2em&#8220; header_3_font=&#8220;Montserrat|700||on|||||&#8220; header_3_text_color=&#8220;rgba(255,255,255,0.5)&#8220; header_3_font_size=&#8220;16px&#8220; header_3_letter_spacing=&#8220;2px&#8220; header_3_line_height=&#8220;1.4em&#8220; background_layout=&#8220;dark&#8220; header_3_font_size_tablet=&#8220;14px&#8220; header_3_font_size_phone=&#8220;&#8220; header_3_font_size_last_edited=&#8220;on|phone&#8220; text_text_align=&#8220;left&#8220; locked=&#8220;off&#8220; global_colors_info=&#8220;{}&#8220;]<\/p>\n<h1>Sparks and Sparkulars<\/h1>\n<p>[\/et_pb_text][\/et_pb_column][\/et_pb_row][\/et_pb_section][et_pb_section fb_built=&#8220;1&#8243; _builder_version=&#8220;4.20.2&#8243; _module_preset=&#8220;default&#8220; background_color=&#8220;#000000&#8243; custom_margin=&#8220;0px|0px|0px|0px|true|true&#8220; custom_padding=&#8220;0%||5%||false|false&#8220; global_colors_info=&#8220;{}&#8220;][et_pb_row _builder_version=&#8220;4.16&#8243; _module_preset=&#8220;default&#8220; custom_margin=&#8220;||3%||false|false&#8220; global_colors_info=&#8220;{}&#8220;][et_pb_column type=&#8220;4_4&#8243; _builder_version=&#8220;4.16&#8243; _module_preset=&#8220;default&#8220; global_colors_info=&#8220;{}&#8220;][\/et_pb_column][\/et_pb_row][et_pb_row column_structure=&#8220;1_3,1_3,1_3&#8243; make_equal=&#8220;on&#8220; _builder_version=&#8220;4.20.2&#8243; _module_preset=&#8220;default&#8220; global_colors_info=&#8220;{}&#8220;][et_pb_column type=&#8220;1_3&#8243; _builder_version=&#8220;4.16&#8243; _module_preset=&#8220;default&#8220; global_colors_info=&#8220;{}&#8220;][et_pb_button button_url=&#8220;#plamen&#8220; button_text=&#8220;Prskalice&#8220; _builder_version=&#8220;4.20.2&#8243; _module_preset=&#8220;default&#8220; custom_button=&#8220;on&#8220; button_text_color=&#8220;#FFFFFF&#8220; global_colors_info=&#8220;{}&#8220;][\/et_pb_button][\/et_pb_column][et_pb_column type=&#8220;1_3&#8243; _builder_version=&#8220;4.16&#8243; _module_preset=&#8220;default&#8220; global_colors_info=&#8220;{}&#8220;][et_pb_button button_url=&#8220;#WaveFlames&#8220; button_text=&#8220;Sparkulari&#8220; _builder_version=&#8220;4.20.2&#8243; _module_preset=&#8220;default&#8220; custom_button=&#8220;on&#8220; button_text_color=&#8220;#FFFFFF&#8220; global_colors_info=&#8220;{}&#8220;][\/et_pb_button][\/et_pb_column][et_pb_column type=&#8220;1_3&#8243; _builder_version=&#8220;4.16&#8243; _module_preset=&#8220;default&#8220; global_colors_info=&#8220;{}&#8220;][\/et_pb_column][\/et_pb_row][et_pb_row make_equal=&#8220;on&#8220; _builder_version=&#8220;4.20.2&#8243; _module_preset=&#8220;default&#8220; min_height=&#8220;502px&#8220; custom_padding=&#8220;||11px|||&#8220; global_colors_info=&#8220;{}&#8220;][et_pb_column type=&#8220;4_4&#8243; _builder_version=&#8220;4.16&#8243; _module_preset=&#8220;default&#8220; global_colors_info=&#8220;{}&#8220;][et_pb_text _builder_version=&#8220;4.20.2&#8243; _module_preset=&#8220;default&#8220; text_text_color=&#8220;#FFFFFF&#8220; header_3_text_color=&#8220;#FFFFFF&#8220; global_colors_info=&#8220;{}&#8220;]<\/p>\n<h3><span style=\"font-size: xx-large;\">Sparks<\/span><\/h3>\n<p><span style=\"font-size: xx-large;\"><\/span><\/p>\n<p><span style=\"font-size: xx-large;\"><\/span><\/p>\n<p><span style=\"font-size: large;\">Sprinklers or fountains belong to the so-called 'cold pyrotechnics'. <\/span><\/p>\n<p><span style=\"font-size: large;\">They emit attractive sparks in different durations. They are used for concerts and performances, and they are more than a favorite decoration at the cutting of the wedding cake or the first dance. <\/span><span style=\"font-size: large;\">\u00a0<\/span><span style=\"font-size: large;\"><\/span><\/p>\n<p>&nbsp;<\/p>\n<p>&nbsp;<\/p>\n<p>[\/et_pb_text][et_pb_gallery gallery_ids=&#8220;237751,237752,237753,237757,237759,237760&#8243; posts_number=&#8220;20&#8243; show_title_and_caption=&#8220;off&#8220; show_pagination=&#8220;off&#8220; module_id=&#8220;testimonial-copy-1&#8243; module_class=&#8220;show-testimonial&#8220; _builder_version=&#8220;4.20.2&#8243; _module_preset=&#8220;default&#8220; global_colors_info=&#8220;{}&#8220;][\/et_pb_gallery][\/et_pb_column][\/et_pb_row][et_pb_row make_equal=&#8220;on&#8220; module_id=&#8220;WaveFlames&#8220; _builder_version=&#8220;4.20.2&#8243; _module_preset=&#8220;default&#8220; min_height=&#8220;502px&#8220; global_colors_info=&#8220;{}&#8220;][et_pb_column type=&#8220;4_4&#8243; _builder_version=&#8220;4.16&#8243; _module_preset=&#8220;default&#8220; global_colors_info=&#8220;{}&#8220;][et_pb_text _builder_version=&#8220;4.20.2&#8243; _module_preset=&#8220;default&#8220; text_text_color=&#8220;#FFFFFF&#8220; header_3_text_color=&#8220;#FFFFFF&#8220; global_colors_info=&#8220;{}&#8220;]<\/p>\n<h3>Sparkulars<\/h3>\n<p>&nbsp;<\/p>\n<p><span style=\"font-size: large;\">Sparkulars are devices that emit sparks. The length and height of the effect are easily adjustable according to the client's needs. Unlike fires, sparkulars are cool and do not heat up the room in which they are fired.\u00a0<\/span><\/p>\n<p>&nbsp;<\/p>\n<p>[\/et_pb_text][et_pb_gallery gallery_ids=&#8220;237761,237762,237763,237764,237765,237766,237767,237768,987499680,987499695,987499696&#8243; posts_number=&#8220;20&#8243; show_title_and_caption=&#8220;off&#8220; show_pagination=&#8220;off&#8220; module_id=&#8220;testimonial-copy-1&#8243; module_class=&#8220;show-testimonial&#8220; _builder_version=&#8220;4.21.0&#8243; _module_preset=&#8220;default&#8220; hover_enabled=&#8220;0&#8243; global_colors_info=&#8220;{}&#8220; sticky_enabled=&#8220;0&#8243;][\/et_pb_gallery][\/et_pb_column][\/et_pb_row][\/et_pb_section][et_pb_section fb_built=&#8220;1&#8243; _builder_version=&#8220;4.20.2&#8243; _module_preset=&#8220;default&#8220; background_color=&#8220;#000000&#8243; global_colors_info=&#8220;{}&#8220;][et_pb_row _builder_version=&#8220;4.20.2&#8243; _module_preset=&#8220;default&#8220; global_colors_info=&#8220;{}&#8220;][et_pb_column type=&#8220;4_4&#8243; _builder_version=&#8220;4.20.2&#8243; _module_preset=&#8220;default&#8220; global_colors_info=&#8220;{}&#8220;][et_pb_video src=&#8220;https:\/\/youtu.be\/slAsQRqHGOg&#8220; _builder_version=&#8220;4.20.2&#8243; _module_preset=&#8220;default&#8220; global_colors_info=&#8220;{}&#8220;][\/et_pb_video][\/et_pb_column][\/et_pb_row][\/et_pb_section]<\/p>","protected":false},"excerpt":{"rendered":"<p>Varnice i SparkulariPrskalice Prskalice ili fontane pripadaju takozvanoj &#8216;hladnoj pirotehnici&#8217;. Izbacuju atraktivne varnice u vis u razli\u010ditim trajanjima. Koriste se za koncerte i predstave, a vi\u0161e su nego omiljeni ukras uz se\u010denje svadbene torte ili prvi ples. \u00a0 &nbsp; &nbsp;Sparkulari &nbsp; Sparkulari su ure\u0111aji koji izbacuju varnice. Du\u017eina i visina efekta su lako podesivi prema [&hellip;]<\/p>","protected":false},"author":1,"featured_media":0,"parent":0,"menu_order":0,"comment_status":"closed","ping_status":"closed","template":"","meta":{"_et_pb_use_builder":"on","_et_pb_old_content":"","_et_gb_content_width":"","om_disable_all_campaigns":false,"_monsterinsights_skip_tracking":false,"_monsterinsights_sitenote_active":false,"_monsterinsights_sitenote_note":"","_monsterinsights_sitenote_category":0,"_uf_show_specific_survey":0,"_uf_disable_surveys":false,"footnotes":""},"class_list":["post-237493","page","type-page","status-publish","hentry"],"aioseo_notices":[],"yoast_head":"<!-- This site is optimized with the Yoast SEO plugin v23.9 - https:\/\/yoast.com\/wordpress\/plugins\/seo\/ -->\n<title>Varnice i sparkulari - Magiceffects<\/title>\n<meta name=\"robots\" content=\"index, follow, max-snippet:-1, max-image-preview:large, max-video-preview:-1\" \/>\n<link rel=\"canonical\" href=\"https:\/\/magiceffects.rs\/en_gb\/varnice-i-sparkulari\/\" \/>\n<meta property=\"og:locale\" content=\"en_GB\" \/>\n<meta property=\"og:type\" content=\"article\" \/>\n<meta property=\"og:title\" content=\"Varnice i sparkulari - Magiceffects\" \/>\n<meta property=\"og:description\" content=\"Varnice i SparkulariPrskalice Prskalice ili fontane pripadaju takozvanoj &#039;hladnoj pirotehnici&#039;. Izbacuju atraktivne varnice u vis u razli\u010ditim trajanjima. Koriste se za koncerte i predstave, a vi\u0161e su nego omiljeni ukras uz se\u010denje svadbene torte ili prvi ples. \u00a0 &nbsp; &nbsp;Sparkulari &nbsp; Sparkulari su ure\u0111aji koji izbacuju varnice. Du\u017eina i visina efekta su lako podesivi prema [&hellip;]\" \/>\n<meta property=\"og:url\" content=\"https:\/\/magiceffects.rs\/en_gb\/varnice-i-sparkulari\/\" \/>\n<meta property=\"og:site_name\" content=\"Magiceffects\" \/>\n<meta property=\"article:modified_time\" content=\"2024-05-20T17:09:22+00:00\" \/>\n<meta name=\"twitter:card\" content=\"summary_large_image\" \/>\n<meta name=\"twitter:label1\" content=\"Estimated reading time\" \/>\n\t<meta name=\"twitter:data1\" content=\"4 minutes\" \/>\n<script type=\"application\/ld+json\" class=\"yoast-schema-graph\">{\"@context\":\"https:\/\/schema.org\",\"@graph\":[{\"@type\":\"WebPage\",\"@id\":\"https:\/\/magiceffects.rs\/varnice-i-sparkulari\/\",\"url\":\"https:\/\/magiceffects.rs\/varnice-i-sparkulari\/\",\"name\":\"Varnice i sparkulari - Magiceffects\",\"isPartOf\":{\"@id\":\"https:\/\/magiceffects.rs\/#website\"},\"datePublished\":\"2023-04-17T07:48:49+00:00\",\"dateModified\":\"2024-05-20T17:09:22+00:00\",\"breadcrumb\":{\"@id\":\"https:\/\/magiceffects.rs\/varnice-i-sparkulari\/#breadcrumb\"},\"inLanguage\":\"en-GB\",\"potentialAction\":[{\"@type\":\"ReadAction\",\"target\":[\"https:\/\/magiceffects.rs\/varnice-i-sparkulari\/\"]}]},{\"@type\":\"BreadcrumbList\",\"@id\":\"https:\/\/magiceffects.rs\/varnice-i-sparkulari\/#breadcrumb\",\"itemListElement\":[{\"@type\":\"ListItem\",\"position\":1,\"name\":\"Home\",\"item\":\"https:\/\/magiceffects.rs\/\"},{\"@type\":\"ListItem\",\"position\":2,\"name\":\"Varnice i sparkulari\"}]},{\"@type\":\"WebSite\",\"@id\":\"https:\/\/magiceffects.rs\/#website\",\"url\":\"https:\/\/magiceffects.rs\/\",\"name\":\"Magiceffects\",\"description\":\"No tricks - Just pure magic\",\"potentialAction\":[{\"@type\":\"SearchAction\",\"target\":{\"@type\":\"EntryPoint\",\"urlTemplate\":\"https:\/\/magiceffects.rs\/?s={search_term_string}\"},\"query-input\":{\"@type\":\"PropertyValueSpecification\",\"valueRequired\":true,\"valueName\":\"search_term_string\"}}],\"inLanguage\":\"en-GB\"}]}<\/script>\n<!-- \/ Yoast SEO plugin. -->","yoast_head_json":{"title":"Varnice i sparkulari - Magiceffects","robots":{"index":"index","follow":"follow","max-snippet":"max-snippet:-1","max-image-preview":"max-image-preview:large","max-video-preview":"max-video-preview:-1"},"canonical":"https:\/\/magiceffects.rs\/en_gb\/varnice-i-sparkulari\/","og_locale":"en_GB","og_type":"article","og_title":"Varnice i sparkulari - Magiceffects","og_description":"Varnice i SparkulariPrskalice Prskalice ili fontane pripadaju takozvanoj 'hladnoj pirotehnici'. Izbacuju atraktivne varnice u vis u razli\u010ditim trajanjima. Koriste se za koncerte i predstave, a vi\u0161e su nego omiljeni ukras uz se\u010denje svadbene torte ili prvi ples. \u00a0 &nbsp; &nbsp;Sparkulari &nbsp; Sparkulari su ure\u0111aji koji izbacuju varnice. Du\u017eina i visina efekta su lako podesivi prema [&hellip;]","og_url":"https:\/\/magiceffects.rs\/en_gb\/varnice-i-sparkulari\/","og_site_name":"Magiceffects","article_modified_time":"2024-05-20T17:09:22+00:00","twitter_card":"summary_large_image","twitter_misc":{"Estimated reading time":"4 minutes"},"schema":{"@context":"https:\/\/schema.org","@graph":[{"@type":"WebPage","@id":"https:\/\/magiceffects.rs\/varnice-i-sparkulari\/","url":"https:\/\/magiceffects.rs\/varnice-i-sparkulari\/","name":"Varnice i sparkulari - Magiceffects","isPartOf":{"@id":"https:\/\/magiceffects.rs\/#website"},"datePublished":"2023-04-17T07:48:49+00:00","dateModified":"2024-05-20T17:09:22+00:00","breadcrumb":{"@id":"https:\/\/magiceffects.rs\/varnice-i-sparkulari\/#breadcrumb"},"inLanguage":"en-GB","potentialAction":[{"@type":"ReadAction","target":["https:\/\/magiceffects.rs\/varnice-i-sparkulari\/"]}]},{"@type":"BreadcrumbList","@id":"https:\/\/magiceffects.rs\/varnice-i-sparkulari\/#breadcrumb","itemListElement":[{"@type":"ListItem","position":1,"name":"Home","item":"https:\/\/magiceffects.rs\/"},{"@type":"ListItem","position":2,"name":"Varnice i sparkulari"}]},{"@type":"WebSite","@id":"https:\/\/magiceffects.rs\/#website","url":"https:\/\/magiceffects.rs\/","name":"Magiceffects","description":"No tricks - Just pure magic","potentialAction":[{"@type":"SearchAction","target":{"@type":"EntryPoint","urlTemplate":"https:\/\/magiceffects.rs\/?s={search_term_string}"},"query-input":{"@type":"PropertyValueSpecification","valueRequired":true,"valueName":"search_term_string"}}],"inLanguage":"en-GB"}]}},"_links":{"self":[{"href":"https:\/\/magiceffects.rs\/en_gb\/wp-json\/wp\/v2\/pages\/237493","targetHints":{"allow":["GET"]}}],"collection":[{"href":"https:\/\/magiceffects.rs\/en_gb\/wp-json\/wp\/v2\/pages"}],"about":[{"href":"https:\/\/magiceffects.rs\/en_gb\/wp-json\/wp\/v2\/types\/page"}],"author":[{"embeddable":true,"href":"https:\/\/magiceffects.rs\/en_gb\/wp-json\/wp\/v2\/users\/1"}],"replies":[{"embeddable":true,"href":"https:\/\/magiceffects.rs\/en_gb\/wp-json\/wp\/v2\/comments?post=237493"}],"version-history":[{"count":14,"href":"https:\/\/magiceffects.rs\/en_gb\/wp-json\/wp\/v2\/pages\/237493\/revisions"}],"predecessor-version":[{"id":987499697,"href":"https:\/\/magiceffects.rs\/en_gb\/wp-json\/wp\/v2\/pages\/237493\/revisions\/987499697"}],"wp:attachment":[{"href":"https:\/\/magiceffects.rs\/en_gb\/wp-json\/wp\/v2\/media?parent=237493"}],"curies":[{"name":"wp","href":"https:\/\/api.w.org\/{rel}","templated":true}]}}