{"id":237501,"date":"2023-04-17T07:54:48","date_gmt":"2023-04-17T07:54:48","guid":{"rendered":"https:\/\/magiceffects.rs\/novisajt\/?page_id=237501"},"modified":"2023-06-26T21:56:40","modified_gmt":"2023-06-26T21:56:40","slug":"sneg","status":"publish","type":"page","link":"https:\/\/magiceffects.rs\/en_gb\/sneg\/","title":{"rendered":"SNOW"},"content":{"rendered":"<p>[et_pb_section fb_built=&#8220;1&#8243; custom_padding_last_edited=&#8220;off|phone&#8220; admin_label=&#8220;Header&#8220; _builder_version=&#8220;4.20.2&#8243; background_image=&#8220;https:\/\/magiceffects.rs\/wp-content\/uploads\/2023\/06\/sneg.png&#8220; parallax=&#8220;on&#8220; height=&#8220;425px&#8220; max_height=&#8220;435px&#8220; custom_padding=&#8220;9vw||9vw||false|false&#8220; hover_enabled=&#8220;0&#8243; locked=&#8220;off&#8220; global_colors_info=&#8220;{}&#8220; sticky_enabled=&#8220;0&#8243; title_text=&#8220;sneg&#8220;][et_pb_row _builder_version=&#8220;4.16&#8243; custom_margin=&#8220;-34px|auto||auto||&#8220; global_colors_info=&#8220;{}&#8220;][et_pb_column type=&#8220;4_4&#8243; _builder_version=&#8220;4.16&#8243; custom_padding_tablet=&#8220;30px||30px||true|false&#8220; custom_padding_last_edited=&#8220;off|desktop&#8220; global_colors_info=&#8220;{}&#8220;][et_pb_text _builder_version=&#8220;4.20.2&#8243; text_text_color=&#8220;rgba(255,255,255,0.5)&#8220; text_font_size=&#8220;16px&#8220; text_line_height=&#8220;1.8em&#8220; header_font=&#8220;|700||on|||||&#8220; header_font_size=&#8220;6vw&#8220; header_line_height=&#8220;1.2em&#8220; header_3_font=&#8220;Montserrat|700||on|||||&#8220; header_3_text_color=&#8220;rgba(255,255,255,0.5)&#8220; header_3_font_size=&#8220;16px&#8220; header_3_letter_spacing=&#8220;2px&#8220; header_3_line_height=&#8220;1.4em&#8220; background_layout=&#8220;dark&#8220; header_3_font_size_tablet=&#8220;14px&#8220; header_3_font_size_phone=&#8220;&#8220; header_3_font_size_last_edited=&#8220;on|phone&#8220; text_text_align=&#8220;left&#8220; locked=&#8220;off&#8220; global_colors_info=&#8220;{}&#8220;]<\/p>\n<h1>SNOW<\/h1>\n<p>[\/et_pb_text][\/et_pb_column][\/et_pb_row][\/et_pb_section][et_pb_section fb_built=&#8220;1&#8243; _builder_version=&#8220;4.20.2&#8243; _module_preset=&#8220;default&#8220; background_color=&#8220;#000000&#8243; custom_margin=&#8220;0px|0px|0px|0px|true|true&#8220; custom_padding=&#8220;0%||5%||false|false&#8220; global_colors_info=&#8220;{}&#8220;][et_pb_row _builder_version=&#8220;4.16&#8243; _module_preset=&#8220;default&#8220; custom_margin=&#8220;||3%||false|false&#8220; global_colors_info=&#8220;{}&#8220;][et_pb_column type=&#8220;4_4&#8243; _builder_version=&#8220;4.16&#8243; _module_preset=&#8220;default&#8220; global_colors_info=&#8220;{}&#8220;][et_pb_divider color=&#8220;#fffbf9&#8243; divider_weight=&#8220;10px&#8220; _builder_version=&#8220;4.16&#8243; _module_preset=&#8220;default&#8220; width=&#8220;14%&#8220; height=&#8220;10px&#8220; border_radii=&#8220;on|10px|10px|10px|10px&#8220; global_colors_info=&#8220;{}&#8220;][\/et_pb_divider][\/et_pb_column][\/et_pb_row][et_pb_row make_equal=&#8220;on&#8220; _builder_version=&#8220;4.20.2&#8243; _module_preset=&#8220;default&#8220; min_height=&#8220;502px&#8220; global_colors_info=&#8220;{}&#8220; custom_margin=&#8220;|auto|-282px|auto||&#8220;][et_pb_column type=&#8220;4_4&#8243; _builder_version=&#8220;4.16&#8243; _module_preset=&#8220;default&#8220; global_colors_info=&#8220;{}&#8220;][et_pb_text _builder_version=&#8220;4.20.2&#8243; _module_preset=&#8220;default&#8220; text_text_color=&#8220;#FFFFFF&#8220; header_3_text_color=&#8220;#FFFFFF&#8220; global_colors_info=&#8220;{}&#8220;]<\/p>\n<h3><span style=\"color: #ffffff; font-size: xx-large;\">SNOW<\/span><\/h3>\n<p><span style=\"color: #ffffff; font-size: xx-large;\"><\/span><\/p>\n<p><span style=\"font-size: large;\">You're shooting in the spring and you can't wait for December and the first snow... Fortunately for you, Magic Effects has several snow machines, equipped with supporting equipment to fulfill all the needs of a scene or shot. <\/span><\/p>\n<p><span style=\"font-size: large;\">Snowflakes can be bigger or smaller, snow can fall in spades or we will make you a real blizzard. Snow is made from completely safe liquids that do not leave stains on clothing or cause skin irritation.<\/span><\/p>\n<p>&nbsp;<\/p>\n<p>&nbsp;<\/p>\n<p>&nbsp;<\/p>\n<p>[\/et_pb_text][et_pb_gallery gallery_ids=&#8220;237925,237926,237927&#8243; show_title_and_caption=&#8220;off&#8220; show_pagination=&#8220;off&#8220; _builder_version=&#8220;4.20.2&#8243; _module_preset=&#8220;default&#8220; global_colors_info=&#8220;{}&#8220;][\/et_pb_gallery][\/et_pb_column][\/et_pb_row][\/et_pb_section]<\/p>","protected":false},"excerpt":{"rendered":"<p>SnegSneg Snimate u prole\u0107e a ne mo\u017eete da \u010dekate decembar i prvi sneg&#8230; Na va\u0161u sre\u0107u, Magic Effects ima nekoliko ma\u0161ina za sneg, opremljenih sa prate\u0107om opremom da ispuni sve potrebe scene ili kadra. Pahulje mogu biti ve\u0107e ili manje, sneg mo\u017ee da pada tek-tek ili \u0107emo vam napraviti pravu me\u0107avu. Sneg se pravi od [&hellip;]<\/p>","protected":false},"author":1,"featured_media":0,"parent":0,"menu_order":0,"comment_status":"closed","ping_status":"closed","template":"","meta":{"_et_pb_use_builder":"on","_et_pb_old_content":"","_et_gb_content_width":"","om_disable_all_campaigns":false,"_monsterinsights_skip_tracking":false,"_monsterinsights_sitenote_active":false,"_monsterinsights_sitenote_note":"","_monsterinsights_sitenote_category":0,"_uf_show_specific_survey":0,"_uf_disable_surveys":false,"footnotes":""},"class_list":["post-237501","page","type-page","status-publish","hentry"],"aioseo_notices":[],"yoast_head":"<!-- This site is optimized with the Yoast SEO plugin v23.9 - https:\/\/yoast.com\/wordpress\/plugins\/seo\/ -->\n<title>Sneg - Magiceffects<\/title>\n<meta name=\"robots\" content=\"index, follow, max-snippet:-1, max-image-preview:large, max-video-preview:-1\" \/>\n<link rel=\"canonical\" href=\"https:\/\/magiceffects.rs\/en_gb\/sneg\/\" \/>\n<meta property=\"og:locale\" content=\"en_GB\" \/>\n<meta property=\"og:type\" content=\"article\" \/>\n<meta property=\"og:title\" content=\"Sneg - Magiceffects\" \/>\n<meta property=\"og:description\" content=\"SnegSneg Snimate u prole\u0107e a ne mo\u017eete da \u010dekate decembar i prvi sneg... Na va\u0161u sre\u0107u, Magic Effects ima nekoliko ma\u0161ina za sneg, opremljenih sa prate\u0107om opremom da ispuni sve potrebe scene ili kadra. Pahulje mogu biti ve\u0107e ili manje, sneg mo\u017ee da pada tek-tek ili \u0107emo vam napraviti pravu me\u0107avu. Sneg se pravi od [&hellip;]\" \/>\n<meta property=\"og:url\" content=\"https:\/\/magiceffects.rs\/en_gb\/sneg\/\" \/>\n<meta property=\"og:site_name\" content=\"Magiceffects\" \/>\n<meta property=\"article:modified_time\" content=\"2023-06-26T21:56:40+00:00\" \/>\n<meta name=\"twitter:card\" content=\"summary_large_image\" \/>\n<meta name=\"twitter:label1\" content=\"Estimated reading time\" \/>\n\t<meta name=\"twitter:data1\" content=\"2 minutes\" \/>\n<script type=\"application\/ld+json\" class=\"yoast-schema-graph\">{\"@context\":\"https:\/\/schema.org\",\"@graph\":[{\"@type\":\"WebPage\",\"@id\":\"https:\/\/magiceffects.rs\/sneg\/\",\"url\":\"https:\/\/magiceffects.rs\/sneg\/\",\"name\":\"Sneg - Magiceffects\",\"isPartOf\":{\"@id\":\"https:\/\/magiceffects.rs\/#website\"},\"datePublished\":\"2023-04-17T07:54:48+00:00\",\"dateModified\":\"2023-06-26T21:56:40+00:00\",\"breadcrumb\":{\"@id\":\"https:\/\/magiceffects.rs\/sneg\/#breadcrumb\"},\"inLanguage\":\"en-GB\",\"potentialAction\":[{\"@type\":\"ReadAction\",\"target\":[\"https:\/\/magiceffects.rs\/sneg\/\"]}]},{\"@type\":\"BreadcrumbList\",\"@id\":\"https:\/\/magiceffects.rs\/sneg\/#breadcrumb\",\"itemListElement\":[{\"@type\":\"ListItem\",\"position\":1,\"name\":\"Home\",\"item\":\"https:\/\/magiceffects.rs\/\"},{\"@type\":\"ListItem\",\"position\":2,\"name\":\"Sneg\"}]},{\"@type\":\"WebSite\",\"@id\":\"https:\/\/magiceffects.rs\/#website\",\"url\":\"https:\/\/magiceffects.rs\/\",\"name\":\"Magiceffects\",\"description\":\"No tricks - Just pure magic\",\"potentialAction\":[{\"@type\":\"SearchAction\",\"target\":{\"@type\":\"EntryPoint\",\"urlTemplate\":\"https:\/\/magiceffects.rs\/?s={search_term_string}\"},\"query-input\":{\"@type\":\"PropertyValueSpecification\",\"valueRequired\":true,\"valueName\":\"search_term_string\"}}],\"inLanguage\":\"en-GB\"}]}<\/script>\n<!-- \/ Yoast SEO plugin. -->","yoast_head_json":{"title":"Sneg - Magiceffects","robots":{"index":"index","follow":"follow","max-snippet":"max-snippet:-1","max-image-preview":"max-image-preview:large","max-video-preview":"max-video-preview:-1"},"canonical":"https:\/\/magiceffects.rs\/en_gb\/sneg\/","og_locale":"en_GB","og_type":"article","og_title":"Sneg - Magiceffects","og_description":"SnegSneg Snimate u prole\u0107e a ne mo\u017eete da \u010dekate decembar i prvi sneg... Na va\u0161u sre\u0107u, Magic Effects ima nekoliko ma\u0161ina za sneg, opremljenih sa prate\u0107om opremom da ispuni sve potrebe scene ili kadra. Pahulje mogu biti ve\u0107e ili manje, sneg mo\u017ee da pada tek-tek ili \u0107emo vam napraviti pravu me\u0107avu. Sneg se pravi od [&hellip;]","og_url":"https:\/\/magiceffects.rs\/en_gb\/sneg\/","og_site_name":"Magiceffects","article_modified_time":"2023-06-26T21:56:40+00:00","twitter_card":"summary_large_image","twitter_misc":{"Estimated reading time":"2 minutes"},"schema":{"@context":"https:\/\/schema.org","@graph":[{"@type":"WebPage","@id":"https:\/\/magiceffects.rs\/sneg\/","url":"https:\/\/magiceffects.rs\/sneg\/","name":"Sneg - Magiceffects","isPartOf":{"@id":"https:\/\/magiceffects.rs\/#website"},"datePublished":"2023-04-17T07:54:48+00:00","dateModified":"2023-06-26T21:56:40+00:00","breadcrumb":{"@id":"https:\/\/magiceffects.rs\/sneg\/#breadcrumb"},"inLanguage":"en-GB","potentialAction":[{"@type":"ReadAction","target":["https:\/\/magiceffects.rs\/sneg\/"]}]},{"@type":"BreadcrumbList","@id":"https:\/\/magiceffects.rs\/sneg\/#breadcrumb","itemListElement":[{"@type":"ListItem","position":1,"name":"Home","item":"https:\/\/magiceffects.rs\/"},{"@type":"ListItem","position":2,"name":"Sneg"}]},{"@type":"WebSite","@id":"https:\/\/magiceffects.rs\/#website","url":"https:\/\/magiceffects.rs\/","name":"Magiceffects","description":"No tricks - Just pure magic","potentialAction":[{"@type":"SearchAction","target":{"@type":"EntryPoint","urlTemplate":"https:\/\/magiceffects.rs\/?s={search_term_string}"},"query-input":{"@type":"PropertyValueSpecification","valueRequired":true,"valueName":"search_term_string"}}],"inLanguage":"en-GB"}]}},"_links":{"self":[{"href":"https:\/\/magiceffects.rs\/en_gb\/wp-json\/wp\/v2\/pages\/237501","targetHints":{"allow":["GET"]}}],"collection":[{"href":"https:\/\/magiceffects.rs\/en_gb\/wp-json\/wp\/v2\/pages"}],"about":[{"href":"https:\/\/magiceffects.rs\/en_gb\/wp-json\/wp\/v2\/types\/page"}],"author":[{"embeddable":true,"href":"https:\/\/magiceffects.rs\/en_gb\/wp-json\/wp\/v2\/users\/1"}],"replies":[{"embeddable":true,"href":"https:\/\/magiceffects.rs\/en_gb\/wp-json\/wp\/v2\/comments?post=237501"}],"version-history":[{"count":6,"href":"https:\/\/magiceffects.rs\/en_gb\/wp-json\/wp\/v2\/pages\/237501\/revisions"}],"predecessor-version":[{"id":238235,"href":"https:\/\/magiceffects.rs\/en_gb\/wp-json\/wp\/v2\/pages\/237501\/revisions\/238235"}],"wp:attachment":[{"href":"https:\/\/magiceffects.rs\/en_gb\/wp-json\/wp\/v2\/media?parent=237501"}],"curies":[{"name":"wp","href":"https:\/\/api.w.org\/{rel}","templated":true}]}}