{"id":237508,"date":"2023-04-17T08:12:37","date_gmt":"2023-04-17T08:12:37","guid":{"rendered":"https:\/\/magiceffects.rs\/novisajt\/?page_id=237508"},"modified":"2023-07-21T21:50:58","modified_gmt":"2023-07-21T21:50:58","slug":"spx-za-film-i-pozoriste","status":"publish","type":"page","link":"https:\/\/magiceffects.rs\/en_gb\/spx-za-film-i-pozoriste\/","title":{"rendered":"SFX for movies and theatre"},"content":{"rendered":"<p>[et_pb_section fb_built=&#8220;1&#8243; custom_padding_last_edited=&#8220;off|phone&#8220; admin_label=&#8220;Header&#8220; _builder_version=&#8220;4.20.2&#8243; background_image=&#8220;https:\/\/magiceffects.rs\/wp-content\/uploads\/2023\/05\/fantom.sajt_.png&#8220; parallax=&#8220;on&#8220; height=&#8220;425px&#8220; max_height=&#8220;435px&#8220; custom_padding=&#8220;9vw||9vw||true|false&#8220; locked=&#8220;off&#8220; global_colors_info=&#8220;{}&#8220;][et_pb_row _builder_version=&#8220;4.21.0&#8243; custom_margin=&#8220;-23px|auto||50px|false|false&#8220; hover_enabled=&#8220;0&#8243; global_colors_info=&#8220;{}&#8220; custom_margin_last_edited=&#8220;on|desktop&#8220; sticky_enabled=&#8220;0&#8243; custom_margin_tablet=&#8220;58px||||false|false&#8220; custom_margin_phone=&#8220;98px||||false|false&#8220;][et_pb_column type=&#8220;4_4&#8243; _builder_version=&#8220;4.16&#8243; custom_padding_tablet=&#8220;30px||30px||true|false&#8220; custom_padding_last_edited=&#8220;off|desktop&#8220; global_colors_info=&#8220;{}&#8220;][et_pb_text _builder_version=&#8220;4.20.2&#8243; text_text_color=&#8220;rgba(255,255,255,0.5)&#8220; text_font_size=&#8220;16px&#8220; text_line_height=&#8220;1.8em&#8220; header_font=&#8220;|700||on|||||&#8220; header_font_size=&#8220;6vw&#8220; header_line_height=&#8220;1.2em&#8220; header_3_font=&#8220;Montserrat|700||on|||||&#8220; header_3_text_color=&#8220;rgba(255,255,255,0.5)&#8220; header_3_font_size=&#8220;16px&#8220; header_3_letter_spacing=&#8220;2px&#8220; header_3_line_height=&#8220;1.4em&#8220; background_layout=&#8220;dark&#8220; header_3_font_size_tablet=&#8220;14px&#8220; header_3_font_size_phone=&#8220;&#8220; header_3_font_size_last_edited=&#8220;on|phone&#8220; text_text_align=&#8220;left&#8220; locked=&#8220;off&#8220; global_colors_info=&#8220;{}&#8220;]<\/p>\n<h1><span>SFX for movies and theatre<\/span><\/h1>\n<p>[\/et_pb_text][\/et_pb_column][\/et_pb_row][\/et_pb_section][et_pb_section fb_built=&#8220;1&#8243; _builder_version=&#8220;4.20.2&#8243; _module_preset=&#8220;default&#8220; background_color=&#8220;#000000&#8243; custom_margin=&#8220;0px|0px|0px|0px|true|true&#8220; custom_padding=&#8220;0%||5%||false|false&#8220; global_colors_info=&#8220;{}&#8220;][et_pb_row _builder_version=&#8220;4.16&#8243; _module_preset=&#8220;default&#8220; custom_margin=&#8220;||3%||false|false&#8220; global_colors_info=&#8220;{}&#8220;][et_pb_column type=&#8220;4_4&#8243; _builder_version=&#8220;4.16&#8243; _module_preset=&#8220;default&#8220; global_colors_info=&#8220;{}&#8220;][et_pb_divider color=&#8220;#fffbf9&#8243; divider_weight=&#8220;10px&#8220; _builder_version=&#8220;4.16&#8243; _module_preset=&#8220;default&#8220; width=&#8220;14%&#8220; height=&#8220;10px&#8220; border_radii=&#8220;on|10px|10px|10px|10px&#8220; global_colors_info=&#8220;{}&#8220;][\/et_pb_divider][\/et_pb_column][\/et_pb_row][et_pb_row make_equal=&#8220;on&#8220; _builder_version=&#8220;4.20.2&#8243; _module_preset=&#8220;default&#8220; min_height=&#8220;502px&#8220; global_colors_info=&#8220;{}&#8220;][et_pb_column type=&#8220;4_4&#8243; _builder_version=&#8220;4.16&#8243; _module_preset=&#8220;default&#8220; global_colors_info=&#8220;{}&#8220;][et_pb_text _builder_version=&#8220;4.20.2&#8243; _module_preset=&#8220;default&#8220; text_text_color=&#8220;#FFFFFF&#8220; header_3_text_color=&#8220;#FFFFFF&#8220; global_colors_info=&#8220;{}&#8220;]<\/p>\n<h3><span style=\"font-size: xx-large;\">SFX for movies and theatre<\/span><\/h3>\n<p>&nbsp;<\/p>\n<p><span style=\"font-size: large;\">\u201e<em><strong>The gun that appears in the first act of a theatre play will certainly go off in the last act!<\/strong><\/em>\"says Chekhov...<\/span><\/p>\n<p><span style=\"font-size: large;\">And when it comes down to it, we're here!\u00a0<\/span><\/p>\n<p><span style=\"font-size: large;\">Gunshots, flares, rain, fog, sparks from a sander, a book that catches fire when opened, smoke from a vampire's sleeve, whatever you can think of, we will make it happen!<\/span><span style=\"font-size: large;\"><\/span><span style=\"font-size: large;\"><\/span><\/p>\n<p><span><\/span><\/p>\n<p>[\/et_pb_text][et_pb_gallery gallery_ids=&#8220;237744,237972,237776,237784,237961,237958,237956,93,94,144,143,142,237790,237772,148,237442&#8243; posts_number=&#8220;20&#8243; show_title_and_caption=&#8220;off&#8220; show_pagination=&#8220;off&#8220; module_id=&#8220;testimonial-copy-1&#8243; module_class=&#8220;show-testimonial&#8220; _builder_version=&#8220;4.20.2&#8243; _module_preset=&#8220;default&#8220; global_colors_info=&#8220;{}&#8220;][\/et_pb_gallery][\/et_pb_column][\/et_pb_row][et_pb_row _builder_version=&#8220;4.20.2&#8243; _module_preset=&#8220;default&#8220; global_colors_info=&#8220;{}&#8220;][et_pb_column type=&#8220;4_4&#8243; _builder_version=&#8220;4.20.2&#8243; _module_preset=&#8220;default&#8220; global_colors_info=&#8220;{}&#8220;][et_pb_video src=&#8220;https:\/\/www.youtube.com\/watch?v=d9ZWFK_mhrk&#8220; _builder_version=&#8220;4.20.2&#8243; _module_preset=&#8220;default&#8220; global_colors_info=&#8220;{}&#8220;][\/et_pb_video][\/et_pb_column][\/et_pb_row][\/et_pb_section]<\/p>","protected":false},"excerpt":{"rendered":"<p>SFX za film i pozori\u0161teSFX za film i pozori\u0161te &nbsp; \u201ePu\u0161ka koja se pojavi u prvom \u010dinu pozori\u0161ne drame, u poslednjem \u010dinu \u0107e sigurno da opali!&#8220; ka\u017ee \u010cehov&#8230; A kada do\u0111e do toga, tu smo mi!\u00a0 Pucnjevi, baklje, ki\u0161a, magla, varnice od brusilice, knjiga koja se zapali kad se otvori, dim iz rukava vampira, \u0161ta [&hellip;]<\/p>","protected":false},"author":1,"featured_media":0,"parent":0,"menu_order":0,"comment_status":"closed","ping_status":"closed","template":"","meta":{"_et_pb_use_builder":"on","_et_pb_old_content":"","_et_gb_content_width":"","om_disable_all_campaigns":false,"_monsterinsights_skip_tracking":false,"_monsterinsights_sitenote_active":false,"_monsterinsights_sitenote_note":"","_monsterinsights_sitenote_category":0,"_uf_show_specific_survey":0,"_uf_disable_surveys":false,"footnotes":""},"class_list":["post-237508","page","type-page","status-publish","hentry"],"aioseo_notices":[],"yoast_head":"<!-- This site is optimized with the Yoast SEO plugin v23.9 - https:\/\/yoast.com\/wordpress\/plugins\/seo\/ -->\n<title>Sfx za film i pozori\u0161te - Magiceffects<\/title>\n<meta name=\"robots\" content=\"index, follow, max-snippet:-1, max-image-preview:large, max-video-preview:-1\" \/>\n<link rel=\"canonical\" href=\"https:\/\/magiceffects.rs\/en_gb\/spx-za-film-i-pozoriste\/\" \/>\n<meta property=\"og:locale\" content=\"en_GB\" \/>\n<meta property=\"og:type\" content=\"article\" \/>\n<meta property=\"og:title\" content=\"Sfx za film i pozori\u0161te - Magiceffects\" \/>\n<meta property=\"og:description\" content=\"SFX za film i pozori\u0161teSFX za film i pozori\u0161te &nbsp; \u201ePu\u0161ka koja se pojavi u prvom \u010dinu pozori\u0161ne drame, u poslednjem \u010dinu \u0107e sigurno da opali!&quot; ka\u017ee \u010cehov... A kada do\u0111e do toga, tu smo mi!\u00a0 Pucnjevi, baklje, ki\u0161a, magla, varnice od brusilice, knjiga koja se zapali kad se otvori, dim iz rukava vampira, \u0161ta [&hellip;]\" \/>\n<meta property=\"og:url\" content=\"https:\/\/magiceffects.rs\/en_gb\/spx-za-film-i-pozoriste\/\" \/>\n<meta property=\"og:site_name\" content=\"Magiceffects\" \/>\n<meta property=\"article:modified_time\" content=\"2023-07-21T21:50:58+00:00\" \/>\n<meta name=\"twitter:card\" content=\"summary_large_image\" \/>\n<meta name=\"twitter:label1\" content=\"Estimated reading time\" \/>\n\t<meta name=\"twitter:data1\" content=\"2 minutes\" \/>\n<script type=\"application\/ld+json\" class=\"yoast-schema-graph\">{\"@context\":\"https:\/\/schema.org\",\"@graph\":[{\"@type\":\"WebPage\",\"@id\":\"https:\/\/magiceffects.rs\/spx-za-film-i-pozoriste\/\",\"url\":\"https:\/\/magiceffects.rs\/spx-za-film-i-pozoriste\/\",\"name\":\"Sfx za film i pozori\u0161te - Magiceffects\",\"isPartOf\":{\"@id\":\"https:\/\/magiceffects.rs\/#website\"},\"datePublished\":\"2023-04-17T08:12:37+00:00\",\"dateModified\":\"2023-07-21T21:50:58+00:00\",\"breadcrumb\":{\"@id\":\"https:\/\/magiceffects.rs\/spx-za-film-i-pozoriste\/#breadcrumb\"},\"inLanguage\":\"en-GB\",\"potentialAction\":[{\"@type\":\"ReadAction\",\"target\":[\"https:\/\/magiceffects.rs\/spx-za-film-i-pozoriste\/\"]}]},{\"@type\":\"BreadcrumbList\",\"@id\":\"https:\/\/magiceffects.rs\/spx-za-film-i-pozoriste\/#breadcrumb\",\"itemListElement\":[{\"@type\":\"ListItem\",\"position\":1,\"name\":\"Home\",\"item\":\"https:\/\/magiceffects.rs\/\"},{\"@type\":\"ListItem\",\"position\":2,\"name\":\"Sfx za film i pozori\u0161te\"}]},{\"@type\":\"WebSite\",\"@id\":\"https:\/\/magiceffects.rs\/#website\",\"url\":\"https:\/\/magiceffects.rs\/\",\"name\":\"Magiceffects\",\"description\":\"No tricks - Just pure magic\",\"potentialAction\":[{\"@type\":\"SearchAction\",\"target\":{\"@type\":\"EntryPoint\",\"urlTemplate\":\"https:\/\/magiceffects.rs\/?s={search_term_string}\"},\"query-input\":{\"@type\":\"PropertyValueSpecification\",\"valueRequired\":true,\"valueName\":\"search_term_string\"}}],\"inLanguage\":\"en-GB\"}]}<\/script>\n<!-- \/ Yoast SEO plugin. -->","yoast_head_json":{"title":"Sfx za film i pozori\u0161te - Magiceffects","robots":{"index":"index","follow":"follow","max-snippet":"max-snippet:-1","max-image-preview":"max-image-preview:large","max-video-preview":"max-video-preview:-1"},"canonical":"https:\/\/magiceffects.rs\/en_gb\/spx-za-film-i-pozoriste\/","og_locale":"en_GB","og_type":"article","og_title":"Sfx za film i pozori\u0161te - Magiceffects","og_description":"SFX za film i pozori\u0161teSFX za film i pozori\u0161te &nbsp; \u201ePu\u0161ka koja se pojavi u prvom \u010dinu pozori\u0161ne drame, u poslednjem \u010dinu \u0107e sigurno da opali!\" ka\u017ee \u010cehov... A kada do\u0111e do toga, tu smo mi!\u00a0 Pucnjevi, baklje, ki\u0161a, magla, varnice od brusilice, knjiga koja se zapali kad se otvori, dim iz rukava vampira, \u0161ta [&hellip;]","og_url":"https:\/\/magiceffects.rs\/en_gb\/spx-za-film-i-pozoriste\/","og_site_name":"Magiceffects","article_modified_time":"2023-07-21T21:50:58+00:00","twitter_card":"summary_large_image","twitter_misc":{"Estimated reading time":"2 minutes"},"schema":{"@context":"https:\/\/schema.org","@graph":[{"@type":"WebPage","@id":"https:\/\/magiceffects.rs\/spx-za-film-i-pozoriste\/","url":"https:\/\/magiceffects.rs\/spx-za-film-i-pozoriste\/","name":"Sfx za film i pozori\u0161te - Magiceffects","isPartOf":{"@id":"https:\/\/magiceffects.rs\/#website"},"datePublished":"2023-04-17T08:12:37+00:00","dateModified":"2023-07-21T21:50:58+00:00","breadcrumb":{"@id":"https:\/\/magiceffects.rs\/spx-za-film-i-pozoriste\/#breadcrumb"},"inLanguage":"en-GB","potentialAction":[{"@type":"ReadAction","target":["https:\/\/magiceffects.rs\/spx-za-film-i-pozoriste\/"]}]},{"@type":"BreadcrumbList","@id":"https:\/\/magiceffects.rs\/spx-za-film-i-pozoriste\/#breadcrumb","itemListElement":[{"@type":"ListItem","position":1,"name":"Home","item":"https:\/\/magiceffects.rs\/"},{"@type":"ListItem","position":2,"name":"Sfx za film i pozori\u0161te"}]},{"@type":"WebSite","@id":"https:\/\/magiceffects.rs\/#website","url":"https:\/\/magiceffects.rs\/","name":"Magiceffects","description":"No tricks - Just pure magic","potentialAction":[{"@type":"SearchAction","target":{"@type":"EntryPoint","urlTemplate":"https:\/\/magiceffects.rs\/?s={search_term_string}"},"query-input":{"@type":"PropertyValueSpecification","valueRequired":true,"valueName":"search_term_string"}}],"inLanguage":"en-GB"}]}},"_links":{"self":[{"href":"https:\/\/magiceffects.rs\/en_gb\/wp-json\/wp\/v2\/pages\/237508","targetHints":{"allow":["GET"]}}],"collection":[{"href":"https:\/\/magiceffects.rs\/en_gb\/wp-json\/wp\/v2\/pages"}],"about":[{"href":"https:\/\/magiceffects.rs\/en_gb\/wp-json\/wp\/v2\/types\/page"}],"author":[{"embeddable":true,"href":"https:\/\/magiceffects.rs\/en_gb\/wp-json\/wp\/v2\/users\/1"}],"replies":[{"embeddable":true,"href":"https:\/\/magiceffects.rs\/en_gb\/wp-json\/wp\/v2\/comments?post=237508"}],"version-history":[{"count":24,"href":"https:\/\/magiceffects.rs\/en_gb\/wp-json\/wp\/v2\/pages\/237508\/revisions"}],"predecessor-version":[{"id":238658,"href":"https:\/\/magiceffects.rs\/en_gb\/wp-json\/wp\/v2\/pages\/237508\/revisions\/238658"}],"wp:attachment":[{"href":"https:\/\/magiceffects.rs\/en_gb\/wp-json\/wp\/v2\/media?parent=237508"}],"curies":[{"name":"wp","href":"https:\/\/api.w.org\/{rel}","templated":true}]}}