{"id":237511,"date":"2023-04-17T08:14:50","date_gmt":"2023-04-17T08:14:50","guid":{"rendered":"https:\/\/magiceffects.rs\/novisajt\/?page_id=237511"},"modified":"2023-10-25T01:06:47","modified_gmt":"2023-10-25T01:06:47","slug":"vencanje-i-proslave","status":"publish","type":"page","link":"https:\/\/magiceffects.rs\/en_gb\/vencanje-i-proslave\/","title":{"rendered":"Ven\u010danje i proslave"},"content":{"rendered":"<p>[et_pb_section fb_built=&#8220;1&#8243; custom_padding_last_edited=&#8220;off|phone&#8220; admin_label=&#8220;Header&#8220; _builder_version=&#8220;4.20.2&#8243; background_image=&#8220;https:\/\/magiceffects.rs\/wp-content\/uploads\/2023\/05\/vench2.png&#8220; parallax=&#8220;on&#8220; background_blend=&#8220;multiply&#8220; height=&#8220;425px&#8220; max_height=&#8220;435px&#8220; custom_padding=&#8220;9vw||9vw||true|false&#8220; locked=&#8220;off&#8220; global_colors_info=&#8220;{}&#8220;][et_pb_row _builder_version=&#8220;4.21.0&#8243; custom_margin=&#8220;8px|auto||79px|false|false&#8220; custom_margin_tablet=&#8220;8px|auto||79px|false|false&#8220; custom_margin_phone=&#8220;87px|||61px|false|false&#8220; custom_margin_last_edited=&#8220;on|desktop&#8220; global_colors_info=&#8220;{}&#8220;][et_pb_column type=&#8220;4_4&#8243; _builder_version=&#8220;4.16&#8243; custom_padding_tablet=&#8220;30px||30px||true|false&#8220; custom_padding_last_edited=&#8220;off|desktop&#8220; global_colors_info=&#8220;{}&#8220;][et_pb_text _builder_version=&#8220;4.21.0&#8243; text_text_color=&#8220;rgba(255,255,255,0.5)&#8220; text_font_size=&#8220;16px&#8220; text_line_height=&#8220;1.8em&#8220; header_font=&#8220;|700||on|||||&#8220; header_font_size=&#8220;4vw&#8220; header_line_height=&#8220;1.2em&#8220; header_3_font=&#8220;Montserrat|700||on|||||&#8220; header_3_text_color=&#8220;rgba(255,255,255,0.5)&#8220; header_3_font_size=&#8220;16px&#8220; header_3_letter_spacing=&#8220;2px&#8220; header_3_line_height=&#8220;1.4em&#8220; background_layout=&#8220;dark&#8220; hover_enabled=&#8220;0&#8243; header_3_font_size_tablet=&#8220;14px&#8220; header_3_font_size_phone=&#8220;&#8220; header_3_font_size_last_edited=&#8220;on|phone&#8220; text_text_align=&#8220;left&#8220; locked=&#8220;off&#8220; global_colors_info=&#8220;{}&#8220; sticky_enabled=&#8220;0&#8243;]<\/p>\n<h1>WEDDINGS AND CELEBRATIONS<\/h1>\n<p>[\/et_pb_text][\/et_pb_column][\/et_pb_row][\/et_pb_section][et_pb_section fb_built=&#8220;1&#8243; _builder_version=&#8220;4.20.2&#8243; _module_preset=&#8220;default&#8220; background_color=&#8220;#000000&#8243; custom_margin=&#8220;0px|0px|0px|0px|true|true&#8220; custom_padding=&#8220;0%||5%||false|false&#8220; global_colors_info=&#8220;{}&#8220;][et_pb_row make_equal=&#8220;on&#8220; _builder_version=&#8220;4.20.2&#8243; _module_preset=&#8220;default&#8220; min_height=&#8220;502px&#8220; custom_padding=&#8220;||11px|||&#8220; global_colors_info=&#8220;{}&#8220;][et_pb_column type=&#8220;4_4&#8243; _builder_version=&#8220;4.16&#8243; _module_preset=&#8220;default&#8220; global_colors_info=&#8220;{}&#8220;][et_pb_text _builder_version=&#8220;4.20.2&#8243; _module_preset=&#8220;default&#8220; text_text_color=&#8220;#FFFFFF&#8220; header_3_text_color=&#8220;#FFFFFF&#8220; custom_padding=&#8220;||7px|||&#8220; global_colors_info=&#8220;{}&#8220;]<\/p>\n<h3><span style=\"font-size: xx-large;\">WEDDINGS AND CELEBRATIONS<\/span><\/h3>\n<p>&nbsp;<\/p>\n<p><span style=\"font-size: large;\">Planning an unforgettable wedding?\u00a0<\/span><\/p>\n<p><span style=\"font-size: large;\">Take our word for it that you will certainly have a hard time forgetting that day, but why not add fireworks, sprinklers or dry ice to your first dance?\u00a0<\/span><\/p>\n<p><span style=\"font-size: large;\">Romantic soap bubbles filled with magical smoke add a fairy-tale feel to a moment you should just enjoy.<\/span><\/p>\n<p>[\/et_pb_text][et_pb_gallery gallery_ids=&#8220;237804,237805,237806,237807,237808,237809,237810,237415,237414,90&#8243; posts_number=&#8220;20&#8243; show_title_and_caption=&#8220;off&#8220; show_pagination=&#8220;off&#8220; module_id=&#8220;testimonial-copy-1&#8243; module_class=&#8220;show-testimonial&#8220; _builder_version=&#8220;4.20.2&#8243; _module_preset=&#8220;default&#8220; global_colors_info=&#8220;{}&#8220;][\/et_pb_gallery][\/et_pb_column][\/et_pb_row][et_pb_row _builder_version=&#8220;4.20.2&#8243; _module_preset=&#8220;default&#8220; global_colors_info=&#8220;{}&#8220;][et_pb_column type=&#8220;4_4&#8243; _builder_version=&#8220;4.20.2&#8243; _module_preset=&#8220;default&#8220; global_colors_info=&#8220;{}&#8220;][et_pb_video src=&#8220;https:\/\/youtu.be\/ZtYUReDo3mI&#8220; _builder_version=&#8220;4.20.2&#8243; _module_preset=&#8220;default&#8220; global_colors_info=&#8220;{}&#8220;][\/et_pb_video][\/et_pb_column][\/et_pb_row][\/et_pb_section]<\/p>","protected":false},"excerpt":{"rendered":"<p>Ven\u010danja i proslaveVen\u010danja i proslave &nbsp; Planirate nezaboravno ven\u010danje?\u00a0 Verujte nam na re\u010d da \u0107ete taj dan svakako te\u0161ko zaboraviti, ali \u0161to mu ne dodati sve\u010danost vatrometa, prskalica ili suvog leda za va\u0161 prvi ples?\u00a0 Romanti\u010dni balon\u010di\u0107i od sapunice punjeni magi\u010dnim dimom dodaju bajkovitost trenutku u kom treba samo da u\u017eivate.<\/p>","protected":false},"author":1,"featured_media":0,"parent":0,"menu_order":0,"comment_status":"closed","ping_status":"closed","template":"","meta":{"_et_pb_use_builder":"on","_et_pb_old_content":"","_et_gb_content_width":"","om_disable_all_campaigns":false,"_monsterinsights_skip_tracking":false,"_monsterinsights_sitenote_active":false,"_monsterinsights_sitenote_note":"","_monsterinsights_sitenote_category":0,"_uf_show_specific_survey":0,"_uf_disable_surveys":false,"footnotes":""},"class_list":["post-237511","page","type-page","status-publish","hentry"],"aioseo_notices":[],"yoast_head":"<!-- This site is optimized with the Yoast SEO plugin v23.9 - https:\/\/yoast.com\/wordpress\/plugins\/seo\/ -->\n<title>Ven\u010danje i proslave - Magiceffects<\/title>\n<meta name=\"robots\" content=\"index, follow, max-snippet:-1, max-image-preview:large, max-video-preview:-1\" \/>\n<link rel=\"canonical\" href=\"https:\/\/magiceffects.rs\/en_gb\/vencanje-i-proslave\/\" \/>\n<meta property=\"og:locale\" content=\"en_GB\" \/>\n<meta property=\"og:type\" content=\"article\" \/>\n<meta property=\"og:title\" content=\"Ven\u010danje i proslave - Magiceffects\" \/>\n<meta property=\"og:description\" content=\"Ven\u010danja i proslaveVen\u010danja i proslave &nbsp; Planirate nezaboravno ven\u010danje?\u00a0 Verujte nam na re\u010d da \u0107ete taj dan svakako te\u0161ko zaboraviti, ali \u0161to mu ne dodati sve\u010danost vatrometa, prskalica ili suvog leda za va\u0161 prvi ples?\u00a0 Romanti\u010dni balon\u010di\u0107i od sapunice punjeni magi\u010dnim dimom dodaju bajkovitost trenutku u kom treba samo da u\u017eivate.\" \/>\n<meta property=\"og:url\" content=\"https:\/\/magiceffects.rs\/en_gb\/vencanje-i-proslave\/\" \/>\n<meta property=\"og:site_name\" content=\"Magiceffects\" \/>\n<meta property=\"article:modified_time\" content=\"2023-10-25T01:06:47+00:00\" \/>\n<meta name=\"twitter:card\" content=\"summary_large_image\" \/>\n<meta name=\"twitter:label1\" content=\"Estimated reading time\" \/>\n\t<meta name=\"twitter:data1\" content=\"2 minutes\" \/>\n<script type=\"application\/ld+json\" class=\"yoast-schema-graph\">{\"@context\":\"https:\/\/schema.org\",\"@graph\":[{\"@type\":\"WebPage\",\"@id\":\"https:\/\/magiceffects.rs\/vencanje-i-proslave\/\",\"url\":\"https:\/\/magiceffects.rs\/vencanje-i-proslave\/\",\"name\":\"Ven\u010danje i proslave - Magiceffects\",\"isPartOf\":{\"@id\":\"https:\/\/magiceffects.rs\/#website\"},\"datePublished\":\"2023-04-17T08:14:50+00:00\",\"dateModified\":\"2023-10-25T01:06:47+00:00\",\"breadcrumb\":{\"@id\":\"https:\/\/magiceffects.rs\/vencanje-i-proslave\/#breadcrumb\"},\"inLanguage\":\"en-GB\",\"potentialAction\":[{\"@type\":\"ReadAction\",\"target\":[\"https:\/\/magiceffects.rs\/vencanje-i-proslave\/\"]}]},{\"@type\":\"BreadcrumbList\",\"@id\":\"https:\/\/magiceffects.rs\/vencanje-i-proslave\/#breadcrumb\",\"itemListElement\":[{\"@type\":\"ListItem\",\"position\":1,\"name\":\"Home\",\"item\":\"https:\/\/magiceffects.rs\/\"},{\"@type\":\"ListItem\",\"position\":2,\"name\":\"Ven\u010danje i proslave\"}]},{\"@type\":\"WebSite\",\"@id\":\"https:\/\/magiceffects.rs\/#website\",\"url\":\"https:\/\/magiceffects.rs\/\",\"name\":\"Magiceffects\",\"description\":\"No tricks - Just pure magic\",\"potentialAction\":[{\"@type\":\"SearchAction\",\"target\":{\"@type\":\"EntryPoint\",\"urlTemplate\":\"https:\/\/magiceffects.rs\/?s={search_term_string}\"},\"query-input\":{\"@type\":\"PropertyValueSpecification\",\"valueRequired\":true,\"valueName\":\"search_term_string\"}}],\"inLanguage\":\"en-GB\"}]}<\/script>\n<!-- \/ Yoast SEO plugin. -->","yoast_head_json":{"title":"Ven\u010danje i proslave - Magiceffects","robots":{"index":"index","follow":"follow","max-snippet":"max-snippet:-1","max-image-preview":"max-image-preview:large","max-video-preview":"max-video-preview:-1"},"canonical":"https:\/\/magiceffects.rs\/en_gb\/vencanje-i-proslave\/","og_locale":"en_GB","og_type":"article","og_title":"Ven\u010danje i proslave - Magiceffects","og_description":"Ven\u010danja i proslaveVen\u010danja i proslave &nbsp; Planirate nezaboravno ven\u010danje?\u00a0 Verujte nam na re\u010d da \u0107ete taj dan svakako te\u0161ko zaboraviti, ali \u0161to mu ne dodati sve\u010danost vatrometa, prskalica ili suvog leda za va\u0161 prvi ples?\u00a0 Romanti\u010dni balon\u010di\u0107i od sapunice punjeni magi\u010dnim dimom dodaju bajkovitost trenutku u kom treba samo da u\u017eivate.","og_url":"https:\/\/magiceffects.rs\/en_gb\/vencanje-i-proslave\/","og_site_name":"Magiceffects","article_modified_time":"2023-10-25T01:06:47+00:00","twitter_card":"summary_large_image","twitter_misc":{"Estimated reading time":"2 minutes"},"schema":{"@context":"https:\/\/schema.org","@graph":[{"@type":"WebPage","@id":"https:\/\/magiceffects.rs\/vencanje-i-proslave\/","url":"https:\/\/magiceffects.rs\/vencanje-i-proslave\/","name":"Ven\u010danje i proslave - Magiceffects","isPartOf":{"@id":"https:\/\/magiceffects.rs\/#website"},"datePublished":"2023-04-17T08:14:50+00:00","dateModified":"2023-10-25T01:06:47+00:00","breadcrumb":{"@id":"https:\/\/magiceffects.rs\/vencanje-i-proslave\/#breadcrumb"},"inLanguage":"en-GB","potentialAction":[{"@type":"ReadAction","target":["https:\/\/magiceffects.rs\/vencanje-i-proslave\/"]}]},{"@type":"BreadcrumbList","@id":"https:\/\/magiceffects.rs\/vencanje-i-proslave\/#breadcrumb","itemListElement":[{"@type":"ListItem","position":1,"name":"Home","item":"https:\/\/magiceffects.rs\/"},{"@type":"ListItem","position":2,"name":"Ven\u010danje i proslave"}]},{"@type":"WebSite","@id":"https:\/\/magiceffects.rs\/#website","url":"https:\/\/magiceffects.rs\/","name":"Magiceffects","description":"No tricks - Just pure magic","potentialAction":[{"@type":"SearchAction","target":{"@type":"EntryPoint","urlTemplate":"https:\/\/magiceffects.rs\/?s={search_term_string}"},"query-input":{"@type":"PropertyValueSpecification","valueRequired":true,"valueName":"search_term_string"}}],"inLanguage":"en-GB"}]}},"_links":{"self":[{"href":"https:\/\/magiceffects.rs\/en_gb\/wp-json\/wp\/v2\/pages\/237511","targetHints":{"allow":["GET"]}}],"collection":[{"href":"https:\/\/magiceffects.rs\/en_gb\/wp-json\/wp\/v2\/pages"}],"about":[{"href":"https:\/\/magiceffects.rs\/en_gb\/wp-json\/wp\/v2\/types\/page"}],"author":[{"embeddable":true,"href":"https:\/\/magiceffects.rs\/en_gb\/wp-json\/wp\/v2\/users\/1"}],"replies":[{"embeddable":true,"href":"https:\/\/magiceffects.rs\/en_gb\/wp-json\/wp\/v2\/comments?post=237511"}],"version-history":[{"count":17,"href":"https:\/\/magiceffects.rs\/en_gb\/wp-json\/wp\/v2\/pages\/237511\/revisions"}],"predecessor-version":[{"id":987499664,"href":"https:\/\/magiceffects.rs\/en_gb\/wp-json\/wp\/v2\/pages\/237511\/revisions\/987499664"}],"wp:attachment":[{"href":"https:\/\/magiceffects.rs\/en_gb\/wp-json\/wp\/v2\/media?parent=237511"}],"curies":[{"name":"wp","href":"https:\/\/api.w.org\/{rel}","templated":true}]}}