{"id":37,"date":"2023-02-09T15:40:59","date_gmt":"2023-02-09T15:40:59","guid":{"rendered":"https:\/\/magiceffects.rs\/novisajt\/?page_id=37"},"modified":"2023-07-23T10:55:19","modified_gmt":"2023-07-23T10:55:19","slug":"kontakt","status":"publish","type":"page","link":"https:\/\/magiceffects.rs\/en_gb\/kontakt\/","title":{"rendered":"Contact"},"content":{"rendered":"<p>[et_pb_section fb_built=&#8220;1&#8243; specialty=&#8220;on&#8220; custom_padding_last_edited=&#8220;off|phone&#8220; admin_label=&#8220;Header&#8220; _builder_version=&#8220;4.20.2&#8243; background_color=&#8220;#000000&#8243; background_image=&#8220;https:\/\/magiceffects.rs\/wp-content\/uploads\/2023\/07\/IMG-20230702-WA0024.jpg&#8220; background_position=&#8220;top_left&#8220; background_horizontal_offset=&#8220;39%&#8220; background_vertical_offset=&#8220;100%&#8220; custom_padding=&#8220;||||false|false&#8220; custom_padding_tablet=&#8220;||||false|false&#8220; custom_padding_phone=&#8220;|||10vw|false|false&#8220; background_color_tablet=&#8220;#000000&#8243; background_last_edited=&#8220;on|desktop&#8220; background_enable_color_tablet=&#8220;on&#8220; use_background_color_gradient_tablet=&#8220;off&#8220; background_color_gradient_stops_tablet=&#8220;rgba(0,0,0,0.56) 85%|#000000 85%&#8220; background_color_gradient_stops_phone=&#8220;rgba(0,0,0,0.56) 10%|#000000 10%&#8220; background_color_gradient_start_position_tablet=&#8220;85%&#8220; background_color_gradient_start_position_phone=&#8220;10%&#8220; background_color_gradient_end_position_tablet=&#8220;0%&#8220; background_color_gradient_end_position_phone=&#8220;10%&#8220; background_enable_image_tablet=&#8220;off&#8220; locked=&#8220;off&#8220; global_colors_info=&#8220;{}&#8220;][et_pb_column type=&#8220;1_3&#8243; _builder_version=&#8220;4.16&#8243; custom_padding=&#8220;|||&#8220; global_colors_info=&#8220;{}&#8220; custom_padding__hover=&#8220;|||&#8220;][\/et_pb_column][et_pb_column type=&#8220;2_3&#8243; specialty_columns=&#8220;2&#8243; _builder_version=&#8220;4.16&#8243; custom_padding=&#8220;|||&#8220; global_colors_info=&#8220;{}&#8220; custom_padding__hover=&#8220;|||&#8220;][et_pb_row_inner _builder_version=&#8220;4.21.0&#8243; custom_margin=&#8220;|81px||-295px|false|false&#8220; hover_enabled=&#8220;0&#8243; global_colors_info=&#8220;{}&#8220; custom_margin_last_edited=&#8220;on|phone&#8220; custom_margin_phone=&#8220;|81px||-164px|false|false&#8220; sticky_enabled=&#8220;0&#8243; custom_margin_tablet=&#8220;|||-190px|false|false&#8220;][et_pb_column_inner saved_specialty_column_type=&#8220;2_3&#8243; _builder_version=&#8220;4.16&#8243; global_colors_info=&#8220;{}&#8220;][et_pb_text _builder_version=&#8220;4.21.0&#8243; text_font=&#8220;Din pro bold||||||||&#8220; text_text_color=&#8220;rgba(255,255,255,0.5)&#8220; text_font_size=&#8220;16px&#8220; text_letter_spacing=&#8220;3px&#8220; text_line_height=&#8220;1.8em&#8220; header_font=&#8220;Montserrat|300||on|||||&#8220; header_font_size=&#8220;2vw&#8220; header_line_height=&#8220;1.2em&#8220; header_3_font=&#8220;Montserrat|700||on|||||&#8220; header_3_text_color=&#8220;#f9002b&#8220; header_3_font_size=&#8220;16px&#8220; header_3_letter_spacing=&#8220;2px&#8220; header_3_line_height=&#8220;1.4em&#8220; background_color=&#8220;rgba(226,0,15,0.78)&#8220; background_layout=&#8220;dark&#8220; custom_margin=&#8220;|||200px|false|false&#8220; hover_enabled=&#8220;0&#8243; header_3_font_size_tablet=&#8220;14px&#8220; header_3_font_size_phone=&#8220;&#8220; header_3_font_size_last_edited=&#8220;on|phone&#8220; text_text_align=&#8220;left&#8220; locked=&#8220;off&#8220; global_colors_info=&#8220;{}&#8220; sticky_enabled=&#8220;0&#8243; width_last_edited=&#8220;on|phone&#8220; max_height_last_edited=&#8220;on|phone&#8220; max_height_phone=&#8220;1000px&#8220; width_phone=&#8220;57%&#8220;]<\/p>\n<h3><\/h3>\n<h1>\u00a0 \u00a0 CONTACT US<\/h1>\n<p>[\/et_pb_text][\/et_pb_column_inner][\/et_pb_row_inner][et_pb_row_inner column_structure=&#8220;1_2,1_2&#8243; _builder_version=&#8220;4.21.0&#8243; background_color=&#8220;rgba(22,14,14,0.66)&#8220; custom_margin=&#8220;|||-200px|false|false&#8220; hover_enabled=&#8220;0&#8243; global_colors_info=&#8220;{}&#8220; custom_margin_last_edited=&#8220;on|desktop&#8220; custom_margin_phone=&#8220;|||33px|false|false&#8220; sticky_enabled=&#8220;0&#8243; custom_margin_tablet=&#8220;|||13px|false|false&#8220;][et_pb_column_inner type=&#8220;1_2&#8243; saved_specialty_column_type=&#8220;2_3&#8243; _builder_version=&#8220;4.16&#8243; global_colors_info=&#8220;{}&#8220;][et_pb_text _builder_version=&#8220;4.18.0&#8243; header_3_font=&#8220;Montserrat|700|||||||&#8220; header_3_line_height=&#8220;1.2em&#8220; header_4_font=&#8220;Montserrat|700||on|||||&#8220; header_4_text_color=&#8220;#E02B20&#8243; header_4_font_size=&#8220;14px&#8220; header_4_letter_spacing=&#8220;2px&#8220; header_4_line_height=&#8220;1.4em&#8220; background_layout=&#8220;dark&#8220; max_width=&#8220;600px&#8220; header_3_font_size_tablet=&#8220;20px&#8220; header_3_font_size_phone=&#8220;18px&#8220; header_3_font_size_last_edited=&#8220;on|phone&#8220; locked=&#8220;off&#8220; global_colors_info=&#8220;{}&#8220;]<\/p>\n<h4>PHONE<\/h4>\n<h3><a href=\"#\"><span>+381 63 533 730<\/span><\/a><\/h3>\n<p>[\/et_pb_text][et_pb_text _builder_version=&#8220;4.20.2&#8243; header_3_font=&#8220;Montserrat|700|||||||&#8220; header_3_line_height=&#8220;1.2em&#8220; header_4_font=&#8220;Montserrat|700||on|||||&#8220; header_4_text_color=&#8220;#E02B20&#8243; header_4_font_size=&#8220;14px&#8220; header_4_letter_spacing=&#8220;2px&#8220; header_4_line_height=&#8220;1.4em&#8220; background_layout=&#8220;dark&#8220; max_width=&#8220;600px&#8220; header_3_font_size_tablet=&#8220;20px&#8220; header_3_font_size_phone=&#8220;18px&#8220; header_3_font_size_last_edited=&#8220;on|phone&#8220; locked=&#8220;off&#8220; global_colors_info=&#8220;{}&#8220;]<\/p>\n<h4>Email<\/h4>\n<h3><a href=\"mailto:info@magiceffects.rs\">info@magiceffects.rs<\/a><\/h3>\n<p>[\/et_pb_text][\/et_pb_column_inner][et_pb_column_inner type=&#8220;1_2&#8243; saved_specialty_column_type=&#8220;2_3&#8243; _builder_version=&#8220;4.16&#8243; global_colors_info=&#8220;{}&#8220;][et_pb_text _builder_version=&#8220;4.16&#8243; header_3_font=&#8220;Montserrat|700|||||||&#8220; header_3_line_height=&#8220;1.2em&#8220; header_4_font=&#8220;Montserrat|700||on|||||&#8220; header_4_text_color=&#8220;#E02B20&#8243; header_4_font_size=&#8220;14px&#8220; header_4_letter_spacing=&#8220;2px&#8220; header_4_line_height=&#8220;1.4em&#8220; background_layout=&#8220;dark&#8220; max_width=&#8220;600px&#8220; header_3_font_size_tablet=&#8220;20px&#8220; header_3_font_size_phone=&#8220;18px&#8220; header_3_font_size_last_edited=&#8220;on|phone&#8220; locked=&#8220;off&#8220; global_colors_info=&#8220;{}&#8220;]<\/p>\n<h4>Address<\/h4>\n<h3>N<a href=\"#\"><span>arodnog fronta<\/span><\/a> 67<\/h3>\n<h3><a href=\"#\"><span><\/span><\/a><a href=\"#\">21000 Novi Sad<\/a><\/h3>\n<h3><a href=\"#\"><span><\/span><\/a><a href=\"#\">Srbija<\/a><\/h3>\n<p>[\/et_pb_text][\/et_pb_column_inner][\/et_pb_row_inner][et_pb_row_inner custom_padding_last_edited=&#8220;on|phone&#8220; _builder_version=&#8220;4.21.0&#8243; custom_margin=&#8220;44px|-160px|-4px|-160px|false|true&#8220; custom_padding=&#8220;40px|40px|40px|40px|true|true&#8220; custom_padding_tablet=&#8220;30px|30px|30px|30px|true|true&#8220; custom_padding_phone=&#8220;20px|20px|20px|20px|true|true&#8220; hover_enabled=&#8220;0&#8243; border_width_all=&#8220;4px&#8220; border_color_all=&#8220;rgba(224,43,32,0.36)&#8220; global_colors_info=&#8220;{}&#8220; custom_margin_last_edited=&#8220;on|desktop&#8220; sticky_enabled=&#8220;0&#8243; custom_margin_phone=&#8220;|-5px||-5px|false|true&#8220; custom_margin_tablet=&#8220;|-28px||-28px|false|true&#8220;][et_pb_column_inner saved_specialty_column_type=&#8220;2_3&#8243; _builder_version=&#8220;4.16&#8243; global_colors_info=&#8220;{}&#8220;][et_pb_contact_form captcha=&#8220;off&#8220; email=&#8220;david.kuzmanovic@magiceffects.rs&#8220; submit_button_text=&#8220;po\u0161alji poruku&#8220; _builder_version=&#8220;4.20.2&#8243; form_field_background_color=&#8220;#e41e31&#8243; form_field_text_color=&#8220;#FFFFFF&#8220; form_field_focus_background_color=&#8220;rgba(255,255,255,0.2)&#8220; form_field_focus_text_color=&#8220;#ffffff&#8220; form_field_font=&#8220;Din pro bold||||||||&#8220; form_field_font_size=&#8220;15px&#8220; form_field_letter_spacing=&#8220;1px&#8220; custom_button=&#8220;on&#8220; button_text_size=&#8220;14px&#8220; button_text_color=&#8220;#ffffff&#8220; button_bg_color=&#8220;#f9002b&#8220; button_border_width=&#8220;0px&#8220; button_letter_spacing=&#8220;2px&#8220; button_font=&#8220;Montserrat|600||on|||||&#8220; button_icon=&#8220;&#xe076;||divi||400&#8243; button_icon_placement=&#8220;left&#8220; button_on_hover=&#8220;off&#8220; button_custom_margin=&#8220;40px||||false|false&#8220; button_custom_padding=&#8220;16px|26px|16px|46px|true|false&#8220; global_colors_info=&#8220;{}&#8220; button_bg_color__hover=&#8220;rgba(255,0,0,0.51)&#8220; button_bg_color__hover_enabled=&#8220;on|hover&#8220; button_bg_enable_color__hover=&#8220;on&#8220;][et_pb_contact_field field_id=&#8220;Name&#8220; field_title=&#8220;Ime&#8220; _builder_version=&#8220;4.18.0&#8243; global_colors_info=&#8220;{}&#8220; button_text_size__hover_enabled=&#8220;off&#8220; button_one_text_size__hover_enabled=&#8220;off&#8220; button_two_text_size__hover_enabled=&#8220;off&#8220; button_text_color__hover_enabled=&#8220;off&#8220; button_one_text_color__hover_enabled=&#8220;off&#8220; button_two_text_color__hover_enabled=&#8220;off&#8220; button_border_width__hover_enabled=&#8220;off&#8220; button_one_border_width__hover_enabled=&#8220;off&#8220; button_two_border_width__hover_enabled=&#8220;off&#8220; button_border_color__hover_enabled=&#8220;off&#8220; button_one_border_color__hover_enabled=&#8220;off&#8220; button_two_border_color__hover_enabled=&#8220;off&#8220; button_border_radius__hover_enabled=&#8220;off&#8220; button_one_border_radius__hover_enabled=&#8220;off&#8220; button_two_border_radius__hover_enabled=&#8220;off&#8220; button_letter_spacing__hover_enabled=&#8220;off&#8220; button_one_letter_spacing__hover_enabled=&#8220;off&#8220; button_two_letter_spacing__hover_enabled=&#8220;off&#8220; button_bg_color__hover_enabled=&#8220;off&#8220; button_one_bg_color__hover_enabled=&#8220;off&#8220; button_two_bg_color__hover_enabled=&#8220;off&#8220;][\/et_pb_contact_field][et_pb_contact_field field_id=&#8220;Email&#8220; field_title=&#8220;Email Adresa&#8220; field_type=&#8220;email&#8220; _builder_version=&#8220;4.18.0&#8243; global_colors_info=&#8220;{}&#8220; button_text_size__hover_enabled=&#8220;off&#8220; button_one_text_size__hover_enabled=&#8220;off&#8220; button_two_text_size__hover_enabled=&#8220;off&#8220; button_text_color__hover_enabled=&#8220;off&#8220; button_one_text_color__hover_enabled=&#8220;off&#8220; button_two_text_color__hover_enabled=&#8220;off&#8220; button_border_width__hover_enabled=&#8220;off&#8220; button_one_border_width__hover_enabled=&#8220;off&#8220; button_two_border_width__hover_enabled=&#8220;off&#8220; button_border_color__hover_enabled=&#8220;off&#8220; button_one_border_color__hover_enabled=&#8220;off&#8220; button_two_border_color__hover_enabled=&#8220;off&#8220; button_border_radius__hover_enabled=&#8220;off&#8220; button_one_border_radius__hover_enabled=&#8220;off&#8220; button_two_border_radius__hover_enabled=&#8220;off&#8220; button_letter_spacing__hover_enabled=&#8220;off&#8220; button_one_letter_spacing__hover_enabled=&#8220;off&#8220; button_two_letter_spacing__hover_enabled=&#8220;off&#8220; button_bg_color__hover_enabled=&#8220;off&#8220; button_one_bg_color__hover_enabled=&#8220;off&#8220; button_two_bg_color__hover_enabled=&#8220;off&#8220;][\/et_pb_contact_field][et_pb_contact_field field_id=&#8220;Message&#8220; field_title=&#8220;Poruka&#8220; field_type=&#8220;text&#8220; fullwidth_field=&#8220;on&#8220; _builder_version=&#8220;4.18.0&#8243; global_colors_info=&#8220;{}&#8220; button_text_size__hover_enabled=&#8220;off&#8220; button_one_text_size__hover_enabled=&#8220;off&#8220; button_two_text_size__hover_enabled=&#8220;off&#8220; button_text_color__hover_enabled=&#8220;off&#8220; button_one_text_color__hover_enabled=&#8220;off&#8220; button_two_text_color__hover_enabled=&#8220;off&#8220; button_border_width__hover_enabled=&#8220;off&#8220; button_one_border_width__hover_enabled=&#8220;off&#8220; button_two_border_width__hover_enabled=&#8220;off&#8220; button_border_color__hover_enabled=&#8220;off&#8220; button_one_border_color__hover_enabled=&#8220;off&#8220; button_two_border_color__hover_enabled=&#8220;off&#8220; button_border_radius__hover_enabled=&#8220;off&#8220; button_one_border_radius__hover_enabled=&#8220;off&#8220; button_two_border_radius__hover_enabled=&#8220;off&#8220; button_letter_spacing__hover_enabled=&#8220;off&#8220; button_one_letter_spacing__hover_enabled=&#8220;off&#8220; button_two_letter_spacing__hover_enabled=&#8220;off&#8220; button_bg_color__hover_enabled=&#8220;off&#8220; button_one_bg_color__hover_enabled=&#8220;off&#8220; button_two_bg_color__hover_enabled=&#8220;off&#8220;][\/et_pb_contact_field][\/et_pb_contact_form][\/et_pb_column_inner][\/et_pb_row_inner][\/et_pb_column][\/et_pb_section][et_pb_section fb_built=&#8220;1&#8243; _builder_version=&#8220;4.20.2&#8243; background_color=&#8220;#000000&#8243; background_image=&#8220;https:\/\/magiceffects.rs\/wp-content\/uploads\/2023\/07\/IMG-20230702-WA0011.jpg&#8220; custom_padding=&#8220;133px|||||&#8220; global_colors_info=&#8220;{}&#8220;][et_pb_row _builder_version=&#8220;4.16&#8243; global_colors_info=&#8220;{}&#8220;][et_pb_column type=&#8220;4_4&#8243; _builder_version=&#8220;4.16&#8243; global_colors_info=&#8220;{}&#8220;][et_pb_text _builder_version=&#8220;4.16&#8243; text_text_color=&#8220;rgba(255,255,255,0.5)&#8220; text_font_size=&#8220;16px&#8220; text_line_height=&#8220;1.8em&#8220; header_2_font=&#8220;Montserrat|300|||||||&#8220; header_2_font_size=&#8220;70px&#8220; header_2_line_height=&#8220;1.2em&#8220; header_3_font=&#8220;Montserrat|700||on|||||&#8220; header_3_text_color=&#8220;#f9002b&#8220; header_3_font_size=&#8220;16px&#8220; header_3_letter_spacing=&#8220;2px&#8220; header_3_line_height=&#8220;1.4em&#8220; text_orientation=&#8220;center&#8220; background_layout=&#8220;dark&#8220; module_alignment=&#8220;center&#8220; header_2_font_size_tablet=&#8220;40px&#8220; header_2_font_size_phone=&#8220;30px&#8220; header_2_font_size_last_edited=&#8220;on|phone&#8220; header_3_font_size_tablet=&#8220;14px&#8220; header_3_font_size_phone=&#8220;&#8220; header_3_font_size_last_edited=&#8220;on|phone&#8220; locked=&#8220;off&#8220; global_colors_info=&#8220;{}&#8220;]<\/p>\n<h3>fAQ<\/h3>\n<h2>FAQ<\/h2>\n<p>[\/et_pb_text][et_pb_accordion open_toggle_text_color=&#8220;#ffffff&#8220; open_toggle_background_color=&#8220;rgba(255,255,255,0.13)&#8220; closed_toggle_background_color=&#8220;rgba(255,255,255,0.09)&#8220; _builder_version=&#8220;4.20.2&#8243; toggle_text_color=&#8220;#ffffff&#8220; toggle_font=&#8220;Montserrat||||||||&#8220; toggle_font_size=&#8220;14px&#8220; toggle_line_height=&#8220;1.4em&#8220; body_text_color=&#8220;rgba(255,255,255,0.5)&#8220; body_font_size=&#8220;16px&#8220; body_line_height=&#8220;1.8em&#8220; max_width=&#8220;710px&#8220; module_alignment=&#8220;center&#8220; border_width_all=&#8220;0px&#8220; global_colors_info=&#8220;{}&#8220;][et_pb_accordion_item title=&#8220;Da li prodajete protehniku ili ure\u0111aje za izvo\u0111enje specijalnih efekata?&#8220; open=&#8220;on&#8220; _builder_version=&#8220;4.20.2&#8243; background_color=&#8220;rgba(0,0,0,0.67)&#8220; background_enable_color=&#8220;on&#8220; global_colors_info=&#8220;{}&#8220;]<\/p>\n<p>Magic Effects is engaged exclusively in the service of performing fireworks and special effects, not in the sale of pyrotechnics or devices.<\/p>\n<p>[\/et_pb_accordion_item][et_pb_accordion_item title=&#8220;Koje ure\u0111aje koristite za izvo\u0111enje efekata?&#8220; _builder_version=&#8220;4.20.2&#8243; background_color=&#8220;rgba(0,0,0,0.67)&#8220; background_enable_color=&#8220;on&#8220; global_colors_info=&#8220;{}&#8220; open=&#8220;off&#8220;]<\/p>\n<p>We mostly work with the program of the European company for special effects devices MAGICFX<sup>\u00ae<\/sup><\/p>\n<p>[\/et_pb_accordion_item][et_pb_accordion_item title=&#8220;Kako da znam kakav mi vatromet treba za proslavu?&#8220; _builder_version=&#8220;4.20.2&#8243; background_color=&#8220;rgba(0,0,0,0.67)&#8220; background_enable_color=&#8220;on&#8220; global_colors_info=&#8220;{}&#8220; open=&#8220;off&#8220;]<\/p>\n<p>On our website, on the FIREWORKS page, you can see examples of fireworks of different durations and the number of effects that are fired. Your desire and budget make the decision, and we are available for advice from the moment of your idea to the actual execution.<\/p>\n<p>[\/et_pb_accordion_item][et_pb_accordion_item title=&#8220;Kako se postaje pirotehni\u010dar?&#8220; _builder_version=&#8220;4.20.2&#8243; background_color=&#8220;rgba(0,0,0,0.67)&#8220; background_enable_color=&#8220;on&#8220; global_colors_info=&#8220;{}&#8220; open=&#8220;off&#8220;]<\/p>\n<p>A passion for pyrotechnics and all kinds of special effects is essential for choosing this calling. Unfortunately, in our country there is no formal education for this field yet.\u00a0<\/p>\n<p>[\/et_pb_accordion_item][et_pb_accordion_item title=&#8220;Kako mogu da postanem deo tima Magic Effects?&#8220; _builder_version=&#8220;4.20.2&#8243; background_color=&#8220;rgba(0,0,0,0.67)&#8220; background_enable_color=&#8220;on&#8220; global_colors_info=&#8220;{}&#8220; open=&#8220;off&#8220;]<\/p>\n<p>Do you want to do this job? Email us and we will arrange an interview.<\/p>\n<p>[\/et_pb_accordion_item][\/et_pb_accordion][\/et_pb_column][\/et_pb_row][\/et_pb_section]<\/p>","protected":false},"excerpt":{"rendered":"<p>\u00a0 \u00a0 Kontaktirajte nasTelefon +381 63 533 730Email info@magiceffects.rsAddress Narodnog fronta 67 21000 Novi Sad SrbijafAQ \u010cesta pitanjaMagic Effects se bavi isklju\u010divo uslugom izvo\u0111enja vatrometa i specijalnih efekata, ne prodajom pirotehnike ili ure\u0111aja.Najvi\u0161e radimo sa programom evropske firme za ure\u0111aje za specijalne efekte MAGICFX\u00aeNa na\u0161em sajtu na stranici VATROMETI mo\u017eete pogledati primere za vatromete razli\u010ditih [&hellip;]<\/p>","protected":false},"author":1,"featured_media":0,"parent":0,"menu_order":0,"comment_status":"closed","ping_status":"closed","template":"","meta":{"_et_pb_use_builder":"on","_et_pb_old_content":"","_et_gb_content_width":"","om_disable_all_campaigns":false,"_monsterinsights_skip_tracking":false,"_monsterinsights_sitenote_active":false,"_monsterinsights_sitenote_note":"","_monsterinsights_sitenote_category":0,"_uf_show_specific_survey":0,"_uf_disable_surveys":false,"footnotes":""},"class_list":["post-37","page","type-page","status-publish","hentry"],"aioseo_notices":[],"yoast_head":"<!-- This site is optimized with the Yoast SEO plugin v23.9 - https:\/\/yoast.com\/wordpress\/plugins\/seo\/ -->\n<title>Kontakt - Magiceffects<\/title>\n<meta name=\"robots\" content=\"index, follow, max-snippet:-1, max-image-preview:large, max-video-preview:-1\" \/>\n<link rel=\"canonical\" href=\"https:\/\/magiceffects.rs\/en_gb\/kontakt\/\" \/>\n<meta property=\"og:locale\" content=\"en_GB\" \/>\n<meta property=\"og:type\" content=\"article\" \/>\n<meta property=\"og:title\" content=\"Kontakt - Magiceffects\" \/>\n<meta property=\"og:description\" content=\"\u00a0 \u00a0 Kontaktirajte nasTelefon +381 63 533 730Email info@magiceffects.rsAddress Narodnog fronta 67 21000 Novi Sad SrbijafAQ \u010cesta pitanjaMagic Effects se bavi isklju\u010divo uslugom izvo\u0111enja vatrometa i specijalnih efekata, ne prodajom pirotehnike ili ure\u0111aja.Najvi\u0161e radimo sa programom evropske firme za ure\u0111aje za specijalne efekte MAGICFX\u00aeNa na\u0161em sajtu na stranici VATROMETI mo\u017eete pogledati primere za vatromete razli\u010ditih [&hellip;]\" \/>\n<meta property=\"og:url\" content=\"https:\/\/magiceffects.rs\/en_gb\/kontakt\/\" \/>\n<meta property=\"og:site_name\" content=\"Magiceffects\" \/>\n<meta property=\"article:modified_time\" content=\"2023-07-23T10:55:19+00:00\" \/>\n<meta name=\"twitter:card\" content=\"summary_large_image\" \/>\n<meta name=\"twitter:label1\" content=\"Estimated reading time\" \/>\n\t<meta name=\"twitter:data1\" content=\"9 minutes\" \/>\n<script type=\"application\/ld+json\" class=\"yoast-schema-graph\">{\"@context\":\"https:\/\/schema.org\",\"@graph\":[{\"@type\":\"WebPage\",\"@id\":\"https:\/\/magiceffects.rs\/kontakt\/\",\"url\":\"https:\/\/magiceffects.rs\/kontakt\/\",\"name\":\"Kontakt - Magiceffects\",\"isPartOf\":{\"@id\":\"https:\/\/magiceffects.rs\/#website\"},\"datePublished\":\"2023-02-09T15:40:59+00:00\",\"dateModified\":\"2023-07-23T10:55:19+00:00\",\"breadcrumb\":{\"@id\":\"https:\/\/magiceffects.rs\/kontakt\/#breadcrumb\"},\"inLanguage\":\"en-GB\",\"potentialAction\":[{\"@type\":\"ReadAction\",\"target\":[\"https:\/\/magiceffects.rs\/kontakt\/\"]}]},{\"@type\":\"BreadcrumbList\",\"@id\":\"https:\/\/magiceffects.rs\/kontakt\/#breadcrumb\",\"itemListElement\":[{\"@type\":\"ListItem\",\"position\":1,\"name\":\"Home\",\"item\":\"https:\/\/magiceffects.rs\/\"},{\"@type\":\"ListItem\",\"position\":2,\"name\":\"Kontakt\"}]},{\"@type\":\"WebSite\",\"@id\":\"https:\/\/magiceffects.rs\/#website\",\"url\":\"https:\/\/magiceffects.rs\/\",\"name\":\"Magiceffects\",\"description\":\"No tricks - Just pure magic\",\"potentialAction\":[{\"@type\":\"SearchAction\",\"target\":{\"@type\":\"EntryPoint\",\"urlTemplate\":\"https:\/\/magiceffects.rs\/?s={search_term_string}\"},\"query-input\":{\"@type\":\"PropertyValueSpecification\",\"valueRequired\":true,\"valueName\":\"search_term_string\"}}],\"inLanguage\":\"en-GB\"}]}<\/script>\n<!-- \/ Yoast SEO plugin. -->","yoast_head_json":{"title":"Kontakt - Magiceffects","robots":{"index":"index","follow":"follow","max-snippet":"max-snippet:-1","max-image-preview":"max-image-preview:large","max-video-preview":"max-video-preview:-1"},"canonical":"https:\/\/magiceffects.rs\/en_gb\/kontakt\/","og_locale":"en_GB","og_type":"article","og_title":"Kontakt - Magiceffects","og_description":"\u00a0 \u00a0 Kontaktirajte nasTelefon +381 63 533 730Email info@magiceffects.rsAddress Narodnog fronta 67 21000 Novi Sad SrbijafAQ \u010cesta pitanjaMagic Effects se bavi isklju\u010divo uslugom izvo\u0111enja vatrometa i specijalnih efekata, ne prodajom pirotehnike ili ure\u0111aja.Najvi\u0161e radimo sa programom evropske firme za ure\u0111aje za specijalne efekte MAGICFX\u00aeNa na\u0161em sajtu na stranici VATROMETI mo\u017eete pogledati primere za vatromete razli\u010ditih [&hellip;]","og_url":"https:\/\/magiceffects.rs\/en_gb\/kontakt\/","og_site_name":"Magiceffects","article_modified_time":"2023-07-23T10:55:19+00:00","twitter_card":"summary_large_image","twitter_misc":{"Estimated reading time":"9 minutes"},"schema":{"@context":"https:\/\/schema.org","@graph":[{"@type":"WebPage","@id":"https:\/\/magiceffects.rs\/kontakt\/","url":"https:\/\/magiceffects.rs\/kontakt\/","name":"Kontakt - Magiceffects","isPartOf":{"@id":"https:\/\/magiceffects.rs\/#website"},"datePublished":"2023-02-09T15:40:59+00:00","dateModified":"2023-07-23T10:55:19+00:00","breadcrumb":{"@id":"https:\/\/magiceffects.rs\/kontakt\/#breadcrumb"},"inLanguage":"en-GB","potentialAction":[{"@type":"ReadAction","target":["https:\/\/magiceffects.rs\/kontakt\/"]}]},{"@type":"BreadcrumbList","@id":"https:\/\/magiceffects.rs\/kontakt\/#breadcrumb","itemListElement":[{"@type":"ListItem","position":1,"name":"Home","item":"https:\/\/magiceffects.rs\/"},{"@type":"ListItem","position":2,"name":"Kontakt"}]},{"@type":"WebSite","@id":"https:\/\/magiceffects.rs\/#website","url":"https:\/\/magiceffects.rs\/","name":"Magiceffects","description":"No tricks - Just pure magic","potentialAction":[{"@type":"SearchAction","target":{"@type":"EntryPoint","urlTemplate":"https:\/\/magiceffects.rs\/?s={search_term_string}"},"query-input":{"@type":"PropertyValueSpecification","valueRequired":true,"valueName":"search_term_string"}}],"inLanguage":"en-GB"}]}},"_links":{"self":[{"href":"https:\/\/magiceffects.rs\/en_gb\/wp-json\/wp\/v2\/pages\/37","targetHints":{"allow":["GET"]}}],"collection":[{"href":"https:\/\/magiceffects.rs\/en_gb\/wp-json\/wp\/v2\/pages"}],"about":[{"href":"https:\/\/magiceffects.rs\/en_gb\/wp-json\/wp\/v2\/types\/page"}],"author":[{"embeddable":true,"href":"https:\/\/magiceffects.rs\/en_gb\/wp-json\/wp\/v2\/users\/1"}],"replies":[{"embeddable":true,"href":"https:\/\/magiceffects.rs\/en_gb\/wp-json\/wp\/v2\/comments?post=37"}],"version-history":[{"count":20,"href":"https:\/\/magiceffects.rs\/en_gb\/wp-json\/wp\/v2\/pages\/37\/revisions"}],"predecessor-version":[{"id":987499541,"href":"https:\/\/magiceffects.rs\/en_gb\/wp-json\/wp\/v2\/pages\/37\/revisions\/987499541"}],"wp:attachment":[{"href":"https:\/\/magiceffects.rs\/en_gb\/wp-json\/wp\/v2\/media?parent=37"}],"curies":[{"name":"wp","href":"https:\/\/api.w.org\/{rel}","templated":true}]}}