{"id":44,"date":"2023-02-09T15:43:58","date_gmt":"2023-02-09T15:43:58","guid":{"rendered":"https:\/\/magiceffects.rs\/novisajt\/?page_id=44"},"modified":"2023-07-22T00:55:03","modified_gmt":"2023-07-22T00:55:03","slug":"vatromet","status":"publish","type":"page","link":"https:\/\/magiceffects.rs\/en_gb\/vatromet\/","title":{"rendered":"Fireworks"},"content":{"rendered":"<p>[et_pb_section fb_built=&#8220;1&#8243; custom_padding_last_edited=&#8220;off|phone&#8220; admin_label=&#8220;Header&#8220; _builder_version=&#8220;4.21.0&#8243; background_enable_image=&#8220;off&#8220; parallax=&#8220;on&#8220; background_video_mp4=&#8220;https:\/\/magiceffects.rs\/wp-content\/uploads\/2023\/07\/vatromet.video_.mp4&#8243; height=&#8220;462px&#8220; max_height=&#8220;435px&#8220; custom_padding=&#8220;0vw||0vw||true|false&#8220; hover_enabled=&#8220;0&#8243; locked=&#8220;off&#8220; global_colors_info=&#8220;{}&#8220; sticky_enabled=&#8220;0&#8243;][et_pb_row _builder_version=&#8220;4.20.2&#8243; custom_margin=&#8220;-16px|auto|-6px|65px|false|false&#8220; custom_padding=&#8220;207px||4px||false|false&#8220; global_colors_info=&#8220;{}&#8220;][et_pb_column type=&#8220;4_4&#8243; _builder_version=&#8220;4.16&#8243; custom_padding_tablet=&#8220;30px||30px||true|false&#8220; custom_padding_last_edited=&#8220;off|desktop&#8220; global_colors_info=&#8220;{}&#8220;][et_pb_text _builder_version=&#8220;4.16&#8243; text_text_color=&#8220;rgba(255,255,255,0.5)&#8220; text_font_size=&#8220;16px&#8220; text_line_height=&#8220;1.8em&#8220; header_font=&#8220;Montserrat|700||on|||||&#8220; header_font_size=&#8220;6vw&#8220; header_line_height=&#8220;1.2em&#8220; header_3_font=&#8220;Montserrat|700||on|||||&#8220; header_3_text_color=&#8220;rgba(255,255,255,0.5)&#8220; header_3_font_size=&#8220;16px&#8220; header_3_letter_spacing=&#8220;2px&#8220; header_3_line_height=&#8220;1.4em&#8220; background_layout=&#8220;dark&#8220; header_3_font_size_tablet=&#8220;14px&#8220; header_3_font_size_phone=&#8220;&#8220; header_3_font_size_last_edited=&#8220;on|phone&#8220; text_text_align=&#8220;left&#8220; locked=&#8220;off&#8220; global_colors_info=&#8220;{}&#8220;]<\/p>\n<h1>Fireworks<\/h1>\n<p>[\/et_pb_text][\/et_pb_column][\/et_pb_row][\/et_pb_section][et_pb_section fb_built=&#8220;1&#8243; admin_label=&#8220;Info&#8220; _builder_version=&#8220;4.16&#8243; background_color=&#8220;#000000&#8243; global_colors_info=&#8220;{}&#8220;][et_pb_row _builder_version=&#8220;4.16&#8243; locked=&#8220;off&#8220; global_colors_info=&#8220;{}&#8220;][et_pb_column type=&#8220;4_4&#8243; _builder_version=&#8220;4.16&#8243; global_colors_info=&#8220;{}&#8220;][et_pb_text _builder_version=&#8220;4.20.2&#8243; text_text_color=&#8220;#FFFFFF&#8220; header_3_text_color=&#8220;#FFFFFF&#8220; global_colors_info=&#8220;{}&#8220;]<\/p>\n<h3><span style=\"font-size: xx-large;\"><strong>Fireworks<\/strong><\/span><\/h3>\n<p><span style=\"font-size: large;\">\u00a0<\/span><\/p>\n<p><span style=\"font-size: large;\">It's hard to imagine a real celebration without fireworks, and our advice is that you don't even imagine...<\/span><\/p>\n<p><span style=\"font-size: large;\">Rather, it's up to you to imagine what kind of fireworks would fit best with your celebration, and we'll make sure it's just that...<\/span><\/p>\n<p><span style=\"font-size: large;\">Each fireworks display is as special as your event and our team of pyrodesigners, with more than 15 years of experience, works dedicatedly and professionally for you.<\/span><\/p>\n<p><span style=\"font-size: large;\">For us, there are no 'small' and 'big' fireworks. There are only good or bad\u2026<\/span><\/p>\n<p><span style=\"font-size: large;\">More precisely: for us there are only good fireworks.\u00a0<\/span><\/p>\n<p><span style=\"font-size: large;\"><strong>Let us share in your memories!<\/strong><\/span><\/p>\n<p>&nbsp;<\/p>\n<p>[\/et_pb_text][et_pb_gallery gallery_ids=&#8220;237690,237691,237692,237693,237694,237695,237696,237697,237698,237699,237700,237701,237702,237703,237704,237705,237706,237708,237709,237710,237711,237712,237713,237714,237715,237716,237717&#8243; posts_number=&#8220;40&#8243; show_title_and_caption=&#8220;off&#8220; show_pagination=&#8220;off&#8220; _builder_version=&#8220;4.20.2&#8243; _module_preset=&#8220;default&#8220; title_text_align=&#8220;center&#8220; title_text_color=&#8220;#FFFFFF&#8220; global_colors_info=&#8220;{}&#8220;][\/et_pb_gallery][\/et_pb_column][\/et_pb_row][\/et_pb_section][et_pb_section fb_built=&#8220;1&#8243; _builder_version=&#8220;4.20.2&#8243; _module_preset=&#8220;default&#8220; background_color=&#8220;#000000&#8243; global_colors_info=&#8220;{}&#8220;][et_pb_row column_structure=&#8220;1_2,1_2&#8243; _builder_version=&#8220;4.20.2&#8243; _module_preset=&#8220;default&#8220; global_colors_info=&#8220;{}&#8220;][et_pb_column type=&#8220;1_2&#8243; _builder_version=&#8220;4.20.2&#8243; _module_preset=&#8220;default&#8220; global_colors_info=&#8220;{}&#8220;][et_pb_video src=&#8220;https:\/\/youtu.be\/IsX_tFcSnC8&#8243; _builder_version=&#8220;4.20.2&#8243; _module_preset=&#8220;default&#8220; global_colors_info=&#8220;{}&#8220;][\/et_pb_video][\/et_pb_column][et_pb_column type=&#8220;1_2&#8243; _builder_version=&#8220;4.20.2&#8243; _module_preset=&#8220;default&#8220; global_colors_info=&#8220;{}&#8220;][et_pb_video src=&#8220;https:\/\/youtu.be\/RXGV2J-60Hg&#8220; _builder_version=&#8220;4.20.2&#8243; _module_preset=&#8220;default&#8220; global_colors_info=&#8220;{}&#8220;][\/et_pb_video][\/et_pb_column][\/et_pb_row][et_pb_row column_structure=&#8220;1_2,1_2&#8243; _builder_version=&#8220;4.20.2&#8243; _module_preset=&#8220;default&#8220; global_colors_info=&#8220;{}&#8220;][et_pb_column type=&#8220;1_2&#8243; _builder_version=&#8220;4.20.2&#8243; _module_preset=&#8220;default&#8220; global_colors_info=&#8220;{}&#8220;][et_pb_video src=&#8220;https:\/\/youtu.be\/vjxHmAbrHlg&#8220; _builder_version=&#8220;4.20.2&#8243; _module_preset=&#8220;default&#8220; global_colors_info=&#8220;{}&#8220;][\/et_pb_video][et_pb_video src=&#8220;https:\/\/youtu.be\/rTFUG4vDxdo&#8220; _builder_version=&#8220;4.20.2&#8243; _module_preset=&#8220;default&#8220; global_colors_info=&#8220;{}&#8220;][\/et_pb_video][et_pb_video src=&#8220;https:\/\/youtu.be\/GifmWDS07nE&#8220; _builder_version=&#8220;4.20.2&#8243; _module_preset=&#8220;default&#8220; global_colors_info=&#8220;{}&#8220;][\/et_pb_video][\/et_pb_column][et_pb_column type=&#8220;1_2&#8243; _builder_version=&#8220;4.20.2&#8243; _module_preset=&#8220;default&#8220; global_colors_info=&#8220;{}&#8220;][et_pb_video src=&#8220;https:\/\/youtu.be\/LmRmOObg6iM&#8220; _builder_version=&#8220;4.20.2&#8243; _module_preset=&#8220;default&#8220; global_colors_info=&#8220;{}&#8220;][\/et_pb_video][et_pb_video src=&#8220;https:\/\/youtu.be\/dQHq72mQ3zU&#8220; _builder_version=&#8220;4.20.2&#8243; _module_preset=&#8220;default&#8220; global_colors_info=&#8220;{}&#8220;][\/et_pb_video][et_pb_video src=&#8220;https:\/\/youtu.be\/bvn5GjvhpKc&#8220; _builder_version=&#8220;4.20.2&#8243; _module_preset=&#8220;default&#8220; global_colors_info=&#8220;{}&#8220;][\/et_pb_video][\/et_pb_column][\/et_pb_row][\/et_pb_section]<\/p>","protected":false},"excerpt":{"rendered":"<p>VatrometVatromet \u00a0 Te\u0161ko je zamisliti pravo slavlje bez vatrometa, i na\u0161 savet je da ni ne zami\u0161ljate&#8230; Na Vama je pre da zamislite kakav bi se vatromet najbolje uklopio uz Va\u0161u proslavu, a mi \u0107emo se pobrinuti da ba\u0161 tako i bude&#8230; Svaki vatromet je poseban kao i Va\u0161 doga\u0111aj i tim na\u0161ih pirodizajnera, sa [&hellip;]<\/p>","protected":false},"author":1,"featured_media":0,"parent":0,"menu_order":0,"comment_status":"closed","ping_status":"closed","template":"","meta":{"_et_pb_use_builder":"on","_et_pb_old_content":"","_et_gb_content_width":"","om_disable_all_campaigns":false,"_monsterinsights_skip_tracking":false,"_monsterinsights_sitenote_active":false,"_monsterinsights_sitenote_note":"","_monsterinsights_sitenote_category":0,"_uf_show_specific_survey":0,"_uf_disable_surveys":false,"footnotes":""},"class_list":["post-44","page","type-page","status-publish","hentry"],"aioseo_notices":[],"yoast_head":"<!-- This site is optimized with the Yoast SEO plugin v23.9 - https:\/\/yoast.com\/wordpress\/plugins\/seo\/ -->\n<title>Vatromet - Magiceffects<\/title>\n<meta name=\"robots\" content=\"index, follow, max-snippet:-1, max-image-preview:large, max-video-preview:-1\" \/>\n<link rel=\"canonical\" href=\"https:\/\/magiceffects.rs\/en_gb\/vatromet\/\" \/>\n<meta property=\"og:locale\" content=\"en_GB\" \/>\n<meta property=\"og:type\" content=\"article\" \/>\n<meta property=\"og:title\" content=\"Vatromet - Magiceffects\" \/>\n<meta property=\"og:description\" content=\"VatrometVatromet \u00a0 Te\u0161ko je zamisliti pravo slavlje bez vatrometa, i na\u0161 savet je da ni ne zami\u0161ljate... Na Vama je pre da zamislite kakav bi se vatromet najbolje uklopio uz Va\u0161u proslavu, a mi \u0107emo se pobrinuti da ba\u0161 tako i bude... Svaki vatromet je poseban kao i Va\u0161 doga\u0111aj i tim na\u0161ih pirodizajnera, sa [&hellip;]\" \/>\n<meta property=\"og:url\" content=\"https:\/\/magiceffects.rs\/en_gb\/vatromet\/\" \/>\n<meta property=\"og:site_name\" content=\"Magiceffects\" \/>\n<meta property=\"article:modified_time\" content=\"2023-07-22T00:55:03+00:00\" \/>\n<meta name=\"twitter:card\" content=\"summary_large_image\" \/>\n<meta name=\"twitter:label1\" content=\"Estimated reading time\" \/>\n\t<meta name=\"twitter:data1\" content=\"3 minutes\" \/>\n<script type=\"application\/ld+json\" class=\"yoast-schema-graph\">{\"@context\":\"https:\/\/schema.org\",\"@graph\":[{\"@type\":\"WebPage\",\"@id\":\"https:\/\/magiceffects.rs\/vatromet\/\",\"url\":\"https:\/\/magiceffects.rs\/vatromet\/\",\"name\":\"Vatromet - Magiceffects\",\"isPartOf\":{\"@id\":\"https:\/\/magiceffects.rs\/#website\"},\"datePublished\":\"2023-02-09T15:43:58+00:00\",\"dateModified\":\"2023-07-22T00:55:03+00:00\",\"breadcrumb\":{\"@id\":\"https:\/\/magiceffects.rs\/vatromet\/#breadcrumb\"},\"inLanguage\":\"en-GB\",\"potentialAction\":[{\"@type\":\"ReadAction\",\"target\":[\"https:\/\/magiceffects.rs\/vatromet\/\"]}]},{\"@type\":\"BreadcrumbList\",\"@id\":\"https:\/\/magiceffects.rs\/vatromet\/#breadcrumb\",\"itemListElement\":[{\"@type\":\"ListItem\",\"position\":1,\"name\":\"Home\",\"item\":\"https:\/\/magiceffects.rs\/\"},{\"@type\":\"ListItem\",\"position\":2,\"name\":\"Vatromet\"}]},{\"@type\":\"WebSite\",\"@id\":\"https:\/\/magiceffects.rs\/#website\",\"url\":\"https:\/\/magiceffects.rs\/\",\"name\":\"Magiceffects\",\"description\":\"No tricks - Just pure magic\",\"potentialAction\":[{\"@type\":\"SearchAction\",\"target\":{\"@type\":\"EntryPoint\",\"urlTemplate\":\"https:\/\/magiceffects.rs\/?s={search_term_string}\"},\"query-input\":{\"@type\":\"PropertyValueSpecification\",\"valueRequired\":true,\"valueName\":\"search_term_string\"}}],\"inLanguage\":\"en-GB\"}]}<\/script>\n<!-- \/ Yoast SEO plugin. -->","yoast_head_json":{"title":"Vatromet - Magiceffects","robots":{"index":"index","follow":"follow","max-snippet":"max-snippet:-1","max-image-preview":"max-image-preview:large","max-video-preview":"max-video-preview:-1"},"canonical":"https:\/\/magiceffects.rs\/en_gb\/vatromet\/","og_locale":"en_GB","og_type":"article","og_title":"Vatromet - Magiceffects","og_description":"VatrometVatromet \u00a0 Te\u0161ko je zamisliti pravo slavlje bez vatrometa, i na\u0161 savet je da ni ne zami\u0161ljate... Na Vama je pre da zamislite kakav bi se vatromet najbolje uklopio uz Va\u0161u proslavu, a mi \u0107emo se pobrinuti da ba\u0161 tako i bude... Svaki vatromet je poseban kao i Va\u0161 doga\u0111aj i tim na\u0161ih pirodizajnera, sa [&hellip;]","og_url":"https:\/\/magiceffects.rs\/en_gb\/vatromet\/","og_site_name":"Magiceffects","article_modified_time":"2023-07-22T00:55:03+00:00","twitter_card":"summary_large_image","twitter_misc":{"Estimated reading time":"3 minutes"},"schema":{"@context":"https:\/\/schema.org","@graph":[{"@type":"WebPage","@id":"https:\/\/magiceffects.rs\/vatromet\/","url":"https:\/\/magiceffects.rs\/vatromet\/","name":"Vatromet - Magiceffects","isPartOf":{"@id":"https:\/\/magiceffects.rs\/#website"},"datePublished":"2023-02-09T15:43:58+00:00","dateModified":"2023-07-22T00:55:03+00:00","breadcrumb":{"@id":"https:\/\/magiceffects.rs\/vatromet\/#breadcrumb"},"inLanguage":"en-GB","potentialAction":[{"@type":"ReadAction","target":["https:\/\/magiceffects.rs\/vatromet\/"]}]},{"@type":"BreadcrumbList","@id":"https:\/\/magiceffects.rs\/vatromet\/#breadcrumb","itemListElement":[{"@type":"ListItem","position":1,"name":"Home","item":"https:\/\/magiceffects.rs\/"},{"@type":"ListItem","position":2,"name":"Vatromet"}]},{"@type":"WebSite","@id":"https:\/\/magiceffects.rs\/#website","url":"https:\/\/magiceffects.rs\/","name":"Magiceffects","description":"No tricks - Just pure magic","potentialAction":[{"@type":"SearchAction","target":{"@type":"EntryPoint","urlTemplate":"https:\/\/magiceffects.rs\/?s={search_term_string}"},"query-input":{"@type":"PropertyValueSpecification","valueRequired":true,"valueName":"search_term_string"}}],"inLanguage":"en-GB"}]}},"_links":{"self":[{"href":"https:\/\/magiceffects.rs\/en_gb\/wp-json\/wp\/v2\/pages\/44","targetHints":{"allow":["GET"]}}],"collection":[{"href":"https:\/\/magiceffects.rs\/en_gb\/wp-json\/wp\/v2\/pages"}],"about":[{"href":"https:\/\/magiceffects.rs\/en_gb\/wp-json\/wp\/v2\/types\/page"}],"author":[{"embeddable":true,"href":"https:\/\/magiceffects.rs\/en_gb\/wp-json\/wp\/v2\/users\/1"}],"replies":[{"embeddable":true,"href":"https:\/\/magiceffects.rs\/en_gb\/wp-json\/wp\/v2\/comments?post=44"}],"version-history":[{"count":17,"href":"https:\/\/magiceffects.rs\/en_gb\/wp-json\/wp\/v2\/pages\/44\/revisions"}],"predecessor-version":[{"id":987499480,"href":"https:\/\/magiceffects.rs\/en_gb\/wp-json\/wp\/v2\/pages\/44\/revisions\/987499480"}],"wp:attachment":[{"href":"https:\/\/magiceffects.rs\/en_gb\/wp-json\/wp\/v2\/media?parent=44"}],"curies":[{"name":"wp","href":"https:\/\/api.w.org\/{rel}","templated":true}]}}